{"id":5821,"date":"2021-03-25T20:14:23","date_gmt":"2021-03-25T20:14:23","guid":{"rendered":"https:\/\/casabravo.cl\/?post_type=product&#038;p=5821"},"modified":"2021-03-25T20:14:23","modified_gmt":"2021-03-25T20:14:23","slug":"antena-usb-wifi-satelital-2-4ghz","status":"publish","type":"product","link":"https:\/\/casabravo.cl\/?product=antena-usb-wifi-satelital-2-4ghz","title":{"rendered":"ANTENA USB WIFI SATELITAL 2.4GHZ"},"content":{"rendered":"<p>ANTENA<\/p>\n<p><strong>CARACTER\u00cdSTICAS:<\/strong><\/p>\n<p>APLICACI\u00d3N: ANTENA PARA DECODIFICADORES<\/p>\n<p>TIPO: SATELITAL 2.4GHZ<\/p>\n<p>VELOCIDAD: 150 MBPS<\/p>\n<p>C\u00d3DIGO: 001855<\/p>\n","protected":false},"excerpt":{"rendered":"<p>ANTENA CARACTER\u00cdSTICAS: APLICACI\u00d3N: ANTENA PARA DECODIFICADORES TIPO: SATELITAL 2.4GHZ VELOCIDAD: 150 MBPS C\u00d3DIGO: 001855<\/p>\n","protected":false},"featured_media":5822,"comment_status":"open","ping_status":"closed","template":"","meta":[],"_links":{"self":[{"href":"https:\/\/casabravo.cl\/index.php?rest_route=\/wp\/v2\/product\/5821"}],"collection":[{"href":"https:\/\/casabravo.cl\/index.php?rest_route=\/wp\/v2\/product"}],"about":[{"href":"https:\/\/casabravo.cl\/index.php?rest_route=\/wp\/v2\/types\/product"}],"replies":[{"embeddable":true,"href":"https:\/\/casabravo.cl\/index.php?rest_route=%2Fwp%2Fv2%2Fcomments&post=5821"}],"wp:featuredmedia":[{"embeddable":true,"href":"https:\/\/casabravo.cl\/index.php?rest_route=\/wp\/v2\/media\/5822"}],"wp:attachment":[{"href":"https:\/\/casabravo.cl\/index.php?rest_route=%2Fwp%2Fv2%2Fmedia&parent=5821"}],"curies":[{"name":"wp","href":"https:\/\/api.w.org\/{rel}","templated":true}]}}