{"id":5818,"date":"2021-03-25T19:44:45","date_gmt":"2021-03-25T19:44:45","guid":{"rendered":"https:\/\/casabravo.cl\/?post_type=product&#038;p=5818"},"modified":"2024-09-12T16:22:50","modified_gmt":"2024-09-12T16:22:50","slug":"adaptador-convertidor-digital-a-analogo","status":"publish","type":"product","link":"https:\/\/casabravo.cl\/?product=adaptador-convertidor-digital-a-analogo","title":{"rendered":"ADAPTADOR\/CONVERTIDOR DIGITAL A AN\u00c1LOGO"},"content":{"rendered":"<p>ADAPTADOR<\/p>\n<p><strong>CARACTER\u00cdSTICAS:<\/strong><\/p>\n<p>APLICACI\u00d3N: CONVERTIDOR DE AUDIO<\/p>\n<p>TIPO: OPTICO A 2 RCA DIGITAL<\/p>\n<p>CONTENIDO: CABLE CARGADOR<\/p>\n<p>C\u00d3DIGO: 001912<\/p>\n<p>&nbsp;<\/p>\n","protected":false},"excerpt":{"rendered":"<p>ADAPTADOR CARACTER\u00cdSTICAS: APLICACI\u00d3N: CONVERTIDOR DE AUDIO TIPO: OPTICO A 2 RCA DIGITAL CONTENIDO: CABLE CARGADOR C\u00d3DIGO: 001912 &nbsp;<\/p>\n","protected":false},"featured_media":5819,"comment_status":"open","ping_status":"closed","template":"","meta":[],"_links":{"self":[{"href":"https:\/\/casabravo.cl\/index.php?rest_route=\/wp\/v2\/product\/5818"}],"collection":[{"href":"https:\/\/casabravo.cl\/index.php?rest_route=\/wp\/v2\/product"}],"about":[{"href":"https:\/\/casabravo.cl\/index.php?rest_route=\/wp\/v2\/types\/product"}],"replies":[{"embeddable":true,"href":"https:\/\/casabravo.cl\/index.php?rest_route=%2Fwp%2Fv2%2Fcomments&post=5818"}],"wp:featuredmedia":[{"embeddable":true,"href":"https:\/\/casabravo.cl\/index.php?rest_route=\/wp\/v2\/media\/5819"}],"wp:attachment":[{"href":"https:\/\/casabravo.cl\/index.php?rest_route=%2Fwp%2Fv2%2Fmedia&parent=5818"}],"curies":[{"name":"wp","href":"https:\/\/api.w.org\/{rel}","templated":true}]}}