{"id":5816,"date":"2021-03-25T19:19:16","date_gmt":"2021-03-25T19:19:16","guid":{"rendered":"https:\/\/casabravo.cl\/?post_type=product&#038;p=5816"},"modified":"2021-03-25T19:19:16","modified_gmt":"2021-03-25T19:19:16","slug":"router-wireless-300-mbps","status":"publish","type":"product","link":"https:\/\/casabravo.cl\/?product=router-wireless-300-mbps","title":{"rendered":"ROUTER WIRELESS 300 MBPS"},"content":{"rendered":"<p>ROUTER<\/p>\n<p><strong>CARACTER\u00cdSTICAS:<\/strong><\/p>\n<p>APLICACI\u00d3N: ROUTER INAL\u00c1MBRICO<\/p>\n<p>TIPO: DOS ANTENAS<\/p>\n<p>VELOCIDAD: 300 MBPS<\/p>\n<p>MODELO: TL-WR820N (EU)<\/p>\n<p>MARCA: TP-LINK<\/p>\n<p>C\u00d3DIGO: 000354<\/p>\n<p>&nbsp;<\/p>\n","protected":false},"excerpt":{"rendered":"<p>ROUTER CARACTER\u00cdSTICAS: APLICACI\u00d3N: ROUTER INAL\u00c1MBRICO TIPO: DOS ANTENAS VELOCIDAD: 300 MBPS MODELO: TL-WR820N (EU) MARCA: TP-LINK C\u00d3DIGO: 000354 &nbsp;<\/p>\n","protected":false},"featured_media":5817,"comment_status":"open","ping_status":"closed","template":"","meta":[],"_links":{"self":[{"href":"https:\/\/casabravo.cl\/index.php?rest_route=\/wp\/v2\/product\/5816"}],"collection":[{"href":"https:\/\/casabravo.cl\/index.php?rest_route=\/wp\/v2\/product"}],"about":[{"href":"https:\/\/casabravo.cl\/index.php?rest_route=\/wp\/v2\/types\/product"}],"replies":[{"embeddable":true,"href":"https:\/\/casabravo.cl\/index.php?rest_route=%2Fwp%2Fv2%2Fcomments&post=5816"}],"wp:featuredmedia":[{"embeddable":true,"href":"https:\/\/casabravo.cl\/index.php?rest_route=\/wp\/v2\/media\/5817"}],"wp:attachment":[{"href":"https:\/\/casabravo.cl\/index.php?rest_route=%2Fwp%2Fv2%2Fmedia&parent=5816"}],"curies":[{"name":"wp","href":"https:\/\/api.w.org\/{rel}","templated":true}]}}