{"id":5811,"date":"2021-03-24T21:32:53","date_gmt":"2021-03-24T21:32:53","guid":{"rendered":"https:\/\/casabravo.cl\/?post_type=product&#038;p=5811"},"modified":"2021-03-24T21:32:53","modified_gmt":"2021-03-24T21:32:53","slug":"cable-type-c-a-usb-hub","status":"publish","type":"product","link":"https:\/\/casabravo.cl\/?product=cable-type-c-a-usb-hub","title":{"rendered":"CABLE TYPE C A USB HUB"},"content":{"rendered":"<p>CABLE<\/p>\n<p><strong>CARACTER\u00cdSTICAS:<\/strong><\/p>\n<p>APLICACI\u00d3N: CABLE PARA MACBOOK O PHONE<\/p>\n<p>TIPO: HUB TIPO C A 3 PUERTOS USB 3.0<\/p>\n<p>PRESENTACI\u00d3N: CAJA ALUMINIO<\/p>\n<p>C\u00d3DIGO: 000702<\/p>\n<p>&nbsp;<\/p>\n","protected":false},"excerpt":{"rendered":"<p>CABLE CARACTER\u00cdSTICAS: APLICACI\u00d3N: CABLE PARA MACBOOK O PHONE TIPO: HUB TIPO C A 3 PUERTOS USB 3.0 PRESENTACI\u00d3N: CAJA ALUMINIO C\u00d3DIGO: 000702 &nbsp;<\/p>\n","protected":false},"featured_media":5812,"comment_status":"open","ping_status":"closed","template":"","meta":[],"_links":{"self":[{"href":"https:\/\/casabravo.cl\/index.php?rest_route=\/wp\/v2\/product\/5811"}],"collection":[{"href":"https:\/\/casabravo.cl\/index.php?rest_route=\/wp\/v2\/product"}],"about":[{"href":"https:\/\/casabravo.cl\/index.php?rest_route=\/wp\/v2\/types\/product"}],"replies":[{"embeddable":true,"href":"https:\/\/casabravo.cl\/index.php?rest_route=%2Fwp%2Fv2%2Fcomments&post=5811"}],"wp:featuredmedia":[{"embeddable":true,"href":"https:\/\/casabravo.cl\/index.php?rest_route=\/wp\/v2\/media\/5812"}],"wp:attachment":[{"href":"https:\/\/casabravo.cl\/index.php?rest_route=%2Fwp%2Fv2%2Fmedia&parent=5811"}],"curies":[{"name":"wp","href":"https:\/\/api.w.org\/{rel}","templated":true}]}}