{"id":5788,"date":"2021-03-18T20:27:08","date_gmt":"2021-03-18T20:27:08","guid":{"rendered":"https:\/\/casabravo.cl\/?post_type=product&#038;p=5788"},"modified":"2021-05-18T22:20:49","modified_gmt":"2021-05-18T22:20:49","slug":"ventilador-rgb-para-computador","status":"publish","type":"product","link":"https:\/\/casabravo.cl\/?product=ventilador-rgb-para-computador","title":{"rendered":"VENTILADOR RGB PARA GABINETE"},"content":{"rendered":"<p>VENTILADOR<\/p>\n<p><strong>CARACTER\u00cdSTICAS:<\/strong><\/p>\n<p>APLICACI\u00d3N: VENTILADOR PARA GABINETE<\/p>\n<p>TIPO: RGB, CAMBIO LUZ (COLORES)<\/p>\n<p>TAMA\u00d1O: 12 CMS.<\/p>\n<p>VOLTAJE: 12V 0.2A<\/p>\n<p>C\u00d3DIGO: 000231<\/p>\n<p>&nbsp;<\/p>\n","protected":false},"excerpt":{"rendered":"<p>VENTILADOR CARACTER\u00cdSTICAS: APLICACI\u00d3N: VENTILADOR PARA GABINETE TIPO: RGB, CAMBIO LUZ (COLORES) TAMA\u00d1O: 12 CMS. VOLTAJE: 12V 0.2A C\u00d3DIGO: 000231 &nbsp;<\/p>\n","protected":false},"featured_media":0,"comment_status":"open","ping_status":"closed","template":"","meta":[],"_links":{"self":[{"href":"https:\/\/casabravo.cl\/index.php?rest_route=\/wp\/v2\/product\/5788"}],"collection":[{"href":"https:\/\/casabravo.cl\/index.php?rest_route=\/wp\/v2\/product"}],"about":[{"href":"https:\/\/casabravo.cl\/index.php?rest_route=\/wp\/v2\/types\/product"}],"replies":[{"embeddable":true,"href":"https:\/\/casabravo.cl\/index.php?rest_route=%2Fwp%2Fv2%2Fcomments&post=5788"}],"wp:attachment":[{"href":"https:\/\/casabravo.cl\/index.php?rest_route=%2Fwp%2Fv2%2Fmedia&parent=5788"}],"curies":[{"name":"wp","href":"https:\/\/api.w.org\/{rel}","templated":true}]}}