{"id":578,"date":"2016-05-17T21:29:08","date_gmt":"2016-05-17T21:29:08","guid":{"rendered":"http:\/\/casabravo.cl\/?post_type=product&#038;p=578"},"modified":"2018-12-27T19:47:48","modified_gmt":"2018-12-27T19:47:48","slug":"foco-led-rgb-color-10w","status":"publish","type":"product","link":"https:\/\/casabravo.cl\/?product=foco-led-rgb-color-10w","title":{"rendered":"FOCO LED 30W RGB COLOR"},"content":{"rendered":"<p>FOCO LED<\/p>\n<p><strong>CARACTER\u00cdSTICAS:<\/strong><\/p>\n<p>APLICACI\u00d3N: AHORRO DE ENERG\u00cdA &#8211; CON CONTROL REMOTO<\/p>\n<p>TIPO: FOCO RGB (COLORES)<\/p>\n<p>POTENCIA: 30 WATTS<\/p>\n<p>C\u00d3DIGO: 000549<\/p>\n","protected":false},"excerpt":{"rendered":"<p>FOCO LED CARACTER\u00cdSTICAS: APLICACI\u00d3N: AHORRO DE ENERG\u00cdA &#8211; CON CONTROL REMOTO TIPO: FOCO RGB (COLORES) POTENCIA: 30 WATTS C\u00d3DIGO: 000549<\/p>\n","protected":false},"featured_media":579,"comment_status":"open","ping_status":"closed","template":"","meta":[],"_links":{"self":[{"href":"https:\/\/casabravo.cl\/index.php?rest_route=\/wp\/v2\/product\/578"}],"collection":[{"href":"https:\/\/casabravo.cl\/index.php?rest_route=\/wp\/v2\/product"}],"about":[{"href":"https:\/\/casabravo.cl\/index.php?rest_route=\/wp\/v2\/types\/product"}],"replies":[{"embeddable":true,"href":"https:\/\/casabravo.cl\/index.php?rest_route=%2Fwp%2Fv2%2Fcomments&post=578"}],"wp:featuredmedia":[{"embeddable":true,"href":"https:\/\/casabravo.cl\/index.php?rest_route=\/wp\/v2\/media\/579"}],"wp:attachment":[{"href":"https:\/\/casabravo.cl\/index.php?rest_route=%2Fwp%2Fv2%2Fmedia&parent=578"}],"curies":[{"name":"wp","href":"https:\/\/api.w.org\/{rel}","templated":true}]}}