{"id":5777,"date":"2021-03-15T21:09:07","date_gmt":"2021-03-15T21:09:07","guid":{"rendered":"https:\/\/casabravo.cl\/?post_type=product&#038;p=5777"},"modified":"2021-03-15T21:15:17","modified_gmt":"2021-03-15T21:15:17","slug":"cargador-para-pilas-y-bateria-3","status":"publish","type":"product","link":"https:\/\/casabravo.cl\/?product=cargador-para-pilas-y-bateria-3","title":{"rendered":"CARGADOR PARA PILAS Y BATER\u00cdA"},"content":{"rendered":"<p>CARGADOR<\/p>\n<p><strong>CARACTER\u00cdSTICAS:<\/strong><\/p>\n<p>APLICACI\u00d3N: CARGADOR PARA PILAS<\/p>\n<p>TIPO: CARGA 2 PILAS AA\/AAA Y BATER\u00cdA 9V<\/p>\n<p>CONTENIDO: INCLUYE 2 PILAS AAA 1200 mAh<\/p>\n<p>ALIMENTACI\u00d3N: 220V<\/p>\n<p>MARCA: PHILCO<\/p>\n<p>C\u00d3DIGO: 000117<\/p>\n","protected":false},"excerpt":{"rendered":"<p>CARGADOR CARACTER\u00cdSTICAS: APLICACI\u00d3N: CARGADOR PARA PILAS TIPO: CARGA 2 PILAS AA\/AAA Y BATER\u00cdA 9V CONTENIDO: INCLUYE 2 PILAS AAA 1200 mAh ALIMENTACI\u00d3N: 220V MARCA: PHILCO C\u00d3DIGO: 000117<\/p>\n","protected":false},"featured_media":0,"comment_status":"open","ping_status":"closed","template":"","meta":[],"_links":{"self":[{"href":"https:\/\/casabravo.cl\/index.php?rest_route=\/wp\/v2\/product\/5777"}],"collection":[{"href":"https:\/\/casabravo.cl\/index.php?rest_route=\/wp\/v2\/product"}],"about":[{"href":"https:\/\/casabravo.cl\/index.php?rest_route=\/wp\/v2\/types\/product"}],"replies":[{"embeddable":true,"href":"https:\/\/casabravo.cl\/index.php?rest_route=%2Fwp%2Fv2%2Fcomments&post=5777"}],"wp:attachment":[{"href":"https:\/\/casabravo.cl\/index.php?rest_route=%2Fwp%2Fv2%2Fmedia&parent=5777"}],"curies":[{"name":"wp","href":"https:\/\/api.w.org\/{rel}","templated":true}]}}