{"id":5766,"date":"2021-03-15T16:17:12","date_gmt":"2021-03-15T16:17:12","guid":{"rendered":"https:\/\/casabravo.cl\/?post_type=product&#038;p=5766"},"modified":"2021-03-15T16:17:12","modified_gmt":"2021-03-15T16:17:12","slug":"camara-webcam-para-computador-2","status":"publish","type":"product","link":"https:\/\/casabravo.cl\/?product=camara-webcam-para-computador-2","title":{"rendered":"C\u00c1MARA WEBCAM PARA COMPUTADOR"},"content":{"rendered":"<p>C\u00c1MARA<\/p>\n<p><strong>CARACTER\u00cdSTICAS:<\/strong><\/p>\n<p>APLICACI\u00d3N: C\u00c1MARA PARA PC O NOTEBOOK<\/p>\n<p>TIPO: USB 2.0 Y 3.5mm\u00a0 MICR\u00d3FONO<\/p>\n<p>RESOLUSCI\u00d3N: 480P<\/p>\n<p>COLOR: AZUL<\/p>\n<p>MARCA: KISONLI<\/p>\n<p>C\u00d3DIGO: 000092<\/p>\n<p>&nbsp;<\/p>\n","protected":false},"excerpt":{"rendered":"<p>C\u00c1MARA CARACTER\u00cdSTICAS: APLICACI\u00d3N: C\u00c1MARA PARA PC O NOTEBOOK TIPO: USB 2.0 Y 3.5mm\u00a0 MICR\u00d3FONO RESOLUSCI\u00d3N: 480P COLOR: AZUL MARCA: KISONLI C\u00d3DIGO: 000092 &nbsp;<\/p>\n","protected":false},"featured_media":0,"comment_status":"open","ping_status":"closed","template":"","meta":[],"_links":{"self":[{"href":"https:\/\/casabravo.cl\/index.php?rest_route=\/wp\/v2\/product\/5766"}],"collection":[{"href":"https:\/\/casabravo.cl\/index.php?rest_route=\/wp\/v2\/product"}],"about":[{"href":"https:\/\/casabravo.cl\/index.php?rest_route=\/wp\/v2\/types\/product"}],"replies":[{"embeddable":true,"href":"https:\/\/casabravo.cl\/index.php?rest_route=%2Fwp%2Fv2%2Fcomments&post=5766"}],"wp:attachment":[{"href":"https:\/\/casabravo.cl\/index.php?rest_route=%2Fwp%2Fv2%2Fmedia&parent=5766"}],"curies":[{"name":"wp","href":"https:\/\/api.w.org\/{rel}","templated":true}]}}