{"id":5741,"date":"2021-02-11T18:58:45","date_gmt":"2021-02-11T18:58:45","guid":{"rendered":"https:\/\/casabravo.cl\/?post_type=product&#038;p=5741"},"modified":"2025-12-02T15:10:09","modified_gmt":"2025-12-02T15:10:09","slug":"cargador-cctv-fuente-poder-12v-10a","status":"publish","type":"product","link":"https:\/\/casabravo.cl\/?product=cargador-cctv-fuente-poder-12v-10a","title":{"rendered":"CARGADOR CCTV (FUENTE PODER) 12V 30A"},"content":{"rendered":"<p>FUENTE<\/p>\n<p><strong>CARACTER\u00cdSTICAS:<\/strong><\/p>\n<p>APLICACI\u00d3N: FUENTE PARA C\u00c1MARA SEGURIDAD<\/p>\n<p>TIPO: MET\u00c1LICA SIN CABLE (ALUMINIO)<\/p>\n<p>POTENCIA: 12V 30A<\/p>\n<p>C\u00d3DIGO: 001648<\/p>\n","protected":false},"excerpt":{"rendered":"<p>FUENTE CARACTER\u00cdSTICAS: APLICACI\u00d3N: FUENTE PARA C\u00c1MARA SEGURIDAD TIPO: MET\u00c1LICA SIN CABLE (ALUMINIO) POTENCIA: 12V 30A C\u00d3DIGO: 001648<\/p>\n","protected":false},"featured_media":5742,"comment_status":"open","ping_status":"closed","template":"","meta":[],"_links":{"self":[{"href":"https:\/\/casabravo.cl\/index.php?rest_route=\/wp\/v2\/product\/5741"}],"collection":[{"href":"https:\/\/casabravo.cl\/index.php?rest_route=\/wp\/v2\/product"}],"about":[{"href":"https:\/\/casabravo.cl\/index.php?rest_route=\/wp\/v2\/types\/product"}],"replies":[{"embeddable":true,"href":"https:\/\/casabravo.cl\/index.php?rest_route=%2Fwp%2Fv2%2Fcomments&post=5741"}],"wp:featuredmedia":[{"embeddable":true,"href":"https:\/\/casabravo.cl\/index.php?rest_route=\/wp\/v2\/media\/5742"}],"wp:attachment":[{"href":"https:\/\/casabravo.cl\/index.php?rest_route=%2Fwp%2Fv2%2Fmedia&parent=5741"}],"curies":[{"name":"wp","href":"https:\/\/api.w.org\/{rel}","templated":true}]}}