{"id":5734,"date":"2021-02-02T20:01:48","date_gmt":"2021-02-02T20:01:48","guid":{"rendered":"https:\/\/casabravo.cl\/?post_type=product&#038;p=5734"},"modified":"2021-07-15T20:09:47","modified_gmt":"2021-07-15T20:09:47","slug":"ampolleta-led-triple-45-watts-luz-fria","status":"publish","type":"product","link":"https:\/\/casabravo.cl\/?product=ampolleta-led-triple-45-watts-luz-fria","title":{"rendered":"AMPOLLETA LED TRIPLE 45 WATTS LUZ FR\u00cdA"},"content":{"rendered":"<p>AMPOLLETA<\/p>\n<p><strong>CARACTER\u00cdSTICAS:<\/strong><\/p>\n<p>APLICACI\u00d3N: AMPOLLETA LED BULB<\/p>\n<p>TIPO: TRIPLE<\/p>\n<p>POTENCIA: 45 WATTS<\/p>\n<p>COLOR: LUZ FR\u00cdA (6500K)<\/p>\n<p>BASE: SOQUETE E27<\/p>\n<p>VIDA \u00daTIL: 40.000 HORAS<\/p>\n<p>C\u00d3DIGO: 000921<\/p>\n<p>&nbsp;<\/p>\n","protected":false},"excerpt":{"rendered":"<p>AMPOLLETA CARACTER\u00cdSTICAS: APLICACI\u00d3N: AMPOLLETA LED BULB TIPO: TRIPLE POTENCIA: 45 WATTS COLOR: LUZ FR\u00cdA (6500K) BASE: SOQUETE E27 VIDA \u00daTIL: 40.000 HORAS C\u00d3DIGO: 000921 &nbsp;<\/p>\n","protected":false},"featured_media":5736,"comment_status":"open","ping_status":"closed","template":"","meta":[],"_links":{"self":[{"href":"https:\/\/casabravo.cl\/index.php?rest_route=\/wp\/v2\/product\/5734"}],"collection":[{"href":"https:\/\/casabravo.cl\/index.php?rest_route=\/wp\/v2\/product"}],"about":[{"href":"https:\/\/casabravo.cl\/index.php?rest_route=\/wp\/v2\/types\/product"}],"replies":[{"embeddable":true,"href":"https:\/\/casabravo.cl\/index.php?rest_route=%2Fwp%2Fv2%2Fcomments&post=5734"}],"wp:featuredmedia":[{"embeddable":true,"href":"https:\/\/casabravo.cl\/index.php?rest_route=\/wp\/v2\/media\/5736"}],"wp:attachment":[{"href":"https:\/\/casabravo.cl\/index.php?rest_route=%2Fwp%2Fv2%2Fmedia&parent=5734"}],"curies":[{"name":"wp","href":"https:\/\/api.w.org\/{rel}","templated":true}]}}