{"id":5706,"date":"2021-01-14T20:00:02","date_gmt":"2021-01-14T20:00:02","guid":{"rendered":"https:\/\/casabravo.cl\/?post_type=product&#038;p=5706"},"modified":"2021-01-14T20:36:58","modified_gmt":"2021-01-14T20:36:58","slug":"pasta-termica-2","status":"publish","type":"product","link":"https:\/\/casabravo.cl\/?product=pasta-termica-2","title":{"rendered":"PASTA T\u00c9RMICA"},"content":{"rendered":"<p>PASTA<\/p>\n<p><strong>CARACTER\u00cdSTICAS:<\/strong><\/p>\n<p>APLICACI\u00d3N: PASTA DISIPADORA CPU<\/p>\n<p>TIPO: POMO<\/p>\n<p>CANTIDAD: 10.0 GRS.<\/p>\n<p>MODELO: HY 410<\/p>\n<p>C\u00d3DIGO: 001498<\/p>\n<p>&nbsp;<\/p>\n","protected":false},"excerpt":{"rendered":"<p>PASTA CARACTER\u00cdSTICAS: APLICACI\u00d3N: PASTA DISIPADORA CPU TIPO: POMO CANTIDAD: 10.0 GRS. MODELO: HY 410 C\u00d3DIGO: 001498 &nbsp;<\/p>\n","protected":false},"featured_media":5714,"comment_status":"open","ping_status":"closed","template":"","meta":[],"_links":{"self":[{"href":"https:\/\/casabravo.cl\/index.php?rest_route=\/wp\/v2\/product\/5706"}],"collection":[{"href":"https:\/\/casabravo.cl\/index.php?rest_route=\/wp\/v2\/product"}],"about":[{"href":"https:\/\/casabravo.cl\/index.php?rest_route=\/wp\/v2\/types\/product"}],"replies":[{"embeddable":true,"href":"https:\/\/casabravo.cl\/index.php?rest_route=%2Fwp%2Fv2%2Fcomments&post=5706"}],"wp:featuredmedia":[{"embeddable":true,"href":"https:\/\/casabravo.cl\/index.php?rest_route=\/wp\/v2\/media\/5714"}],"wp:attachment":[{"href":"https:\/\/casabravo.cl\/index.php?rest_route=%2Fwp%2Fv2%2Fmedia&parent=5706"}],"curies":[{"name":"wp","href":"https:\/\/api.w.org\/{rel}","templated":true}]}}