{"id":5700,"date":"2021-01-13T21:55:07","date_gmt":"2021-01-13T21:55:07","guid":{"rendered":"https:\/\/casabravo.cl\/?post_type=product&#038;p=5700"},"modified":"2022-05-02T22:43:10","modified_gmt":"2022-05-02T22:43:10","slug":"gabinete-para-computador-3","status":"publish","type":"product","link":"https:\/\/casabravo.cl\/?product=gabinete-para-computador-3","title":{"rendered":"GABINETE PARA COMPUTADOR"},"content":{"rendered":"<p>GABINETE<\/p>\n<p><strong>CARACTER\u00cdSTICAS:<\/strong><\/p>\n<p>APLICACI\u00d3N: GABINETE PARA ARAMADO DE PC<\/p>\n<p>TIPO: 010 MID TOWER<\/p>\n<p>COLOR: NEGRO<\/p>\n<p>MODELO: MAG VAMPIRIC<\/p>\n<p>MARCA: MSI<\/p>\n<p>C\u00d3DIGO: 000765<\/p>\n<p>&nbsp;<\/p>\n","protected":false},"excerpt":{"rendered":"<p>GABINETE CARACTER\u00cdSTICAS: APLICACI\u00d3N: GABINETE PARA ARAMADO DE PC TIPO: 010 MID TOWER COLOR: NEGRO MODELO: MAG VAMPIRIC MARCA: MSI C\u00d3DIGO: 000765 &nbsp;<\/p>\n","protected":false},"featured_media":0,"comment_status":"open","ping_status":"closed","template":"","meta":[],"_links":{"self":[{"href":"https:\/\/casabravo.cl\/index.php?rest_route=\/wp\/v2\/product\/5700"}],"collection":[{"href":"https:\/\/casabravo.cl\/index.php?rest_route=\/wp\/v2\/product"}],"about":[{"href":"https:\/\/casabravo.cl\/index.php?rest_route=\/wp\/v2\/types\/product"}],"replies":[{"embeddable":true,"href":"https:\/\/casabravo.cl\/index.php?rest_route=%2Fwp%2Fv2%2Fcomments&post=5700"}],"wp:attachment":[{"href":"https:\/\/casabravo.cl\/index.php?rest_route=%2Fwp%2Fv2%2Fmedia&parent=5700"}],"curies":[{"name":"wp","href":"https:\/\/api.w.org\/{rel}","templated":true}]}}