{"id":5662,"date":"2020-12-29T20:38:45","date_gmt":"2020-12-29T20:38:45","guid":{"rendered":"https:\/\/casabravo.cl\/?post_type=product&#038;p=5662"},"modified":"2025-12-02T15:25:53","modified_gmt":"2025-12-02T15:25:53","slug":"gabinete-para-computador","status":"publish","type":"product","link":"https:\/\/casabravo.cl\/?product=gabinete-para-computador","title":{"rendered":"GABINETE PARA COMPUTADOR"},"content":{"rendered":"<p>GABINETE<\/p>\n<p><strong>CARACTER\u00cdSTICAS:<\/strong><\/p>\n<p>APLICACI\u00d3N: GABINETE PARA ARMADO PC<\/p>\n<p>TIPO: ATX<\/p>\n<p>FUENTE: 500W<\/p>\n<p>COLOR: NEGRO<\/p>\n<p>C\u00d3DIGO: 001431<\/p>\n<p>&nbsp;<\/p>\n","protected":false},"excerpt":{"rendered":"<p>GABINETE CARACTER\u00cdSTICAS: APLICACI\u00d3N: GABINETE PARA ARMADO PC TIPO: ATX FUENTE: 500W COLOR: NEGRO C\u00d3DIGO: 001431 &nbsp;<\/p>\n","protected":false},"featured_media":0,"comment_status":"open","ping_status":"closed","template":"","meta":[],"_links":{"self":[{"href":"https:\/\/casabravo.cl\/index.php?rest_route=\/wp\/v2\/product\/5662"}],"collection":[{"href":"https:\/\/casabravo.cl\/index.php?rest_route=\/wp\/v2\/product"}],"about":[{"href":"https:\/\/casabravo.cl\/index.php?rest_route=\/wp\/v2\/types\/product"}],"replies":[{"embeddable":true,"href":"https:\/\/casabravo.cl\/index.php?rest_route=%2Fwp%2Fv2%2Fcomments&post=5662"}],"wp:attachment":[{"href":"https:\/\/casabravo.cl\/index.php?rest_route=%2Fwp%2Fv2%2Fmedia&parent=5662"}],"curies":[{"name":"wp","href":"https:\/\/api.w.org\/{rel}","templated":true}]}}