{"id":526,"date":"2016-05-17T15:18:10","date_gmt":"2016-05-17T15:18:10","guid":{"rendered":"http:\/\/casabravo.cl\/?post_type=product&#038;p=526"},"modified":"2019-01-11T19:49:45","modified_gmt":"2019-01-11T19:49:45","slug":"pantalla-14-0-led-1366768-glossy-40-pines-hb-140wx1","status":"publish","type":"product","link":"https:\/\/casabravo.cl\/?product=pantalla-14-0-led-1366768-glossy-40-pines-hb-140wx1","title":{"rendered":"PANTALLA 14.0&#8243; LED 40 PINES"},"content":{"rendered":"<p><strong>\u00a0 \u00a0 \u00a0 \u00a0 \u00a0 \u00a0 \u00a0 \u00a0 \u00a0 \u00a0 \u00a0 \u00a0 \u00a0 \u00a0 \u00a0 \u00a0 \u00a0 \u00a0 \u00a0 \u00a0 \u00a0 \u00a0 \u00a0 \u00a0 \u00a0 \u00a0 \u00a0 \u00a0 \u00a0 \u00a0 \u00a0 \u00a0 \u00a0 \u00a0 \u00a0 \u00a0 \u00a0 \u00a0 \u00a0 \u00a0 \u00a0 \u00a0 \u00a0 \u00a0 \u00a0 \u00a0 \u00a0 \u00a0 PANTALLA\u00a0 TRA\u00cdDA A PEDIDO<\/strong><\/p>\n<p><strong>CARACTER\u00cdSTICAS:<\/strong><\/p>\n<p>APLICACI\u00d3N: PANTALLA PARA NOTEBOOK<\/p>\n<p>TIPO: LED\u00a01366*768 &#8211; 40 PINES<\/p>\n<p>TAMA\u00d1O: 14.0&#8243; PULGADAS<\/p>\n<p>C\u00d3DIGO: 000295<\/p>\n<p>&nbsp;<\/p>\n","protected":false},"excerpt":{"rendered":"<p>\u00a0 \u00a0 \u00a0 \u00a0 \u00a0 \u00a0 \u00a0 \u00a0 \u00a0 \u00a0 \u00a0 \u00a0 \u00a0 \u00a0 \u00a0 \u00a0 \u00a0 \u00a0 \u00a0 \u00a0 \u00a0 \u00a0 \u00a0 \u00a0 \u00a0 \u00a0 \u00a0 \u00a0 \u00a0 \u00a0 \u00a0 \u00a0 \u00a0 \u00a0 \u00a0 \u00a0 \u00a0 \u00a0 \u00a0 \u00a0 \u00a0 \u00a0 \u00a0 \u00a0 \u00a0 \u00a0 \u00a0 \u00a0 PANTALLA\u00a0 TRA\u00cdDA A PEDIDO CARACTER\u00cdSTICAS: APLICACI\u00d3N: PANTALLA &hellip;<\/p>\n<p class=\"read-more\"> <a class=\"\" href=\"https:\/\/casabravo.cl\/?product=pantalla-14-0-led-1366768-glossy-40-pines-hb-140wx1\"> <span class=\"screen-reader-text\">PANTALLA 14.0&#8243; LED 40 PINES<\/span> Leer m\u00e1s &raquo;<\/a><\/p>\n","protected":false},"featured_media":524,"comment_status":"open","ping_status":"closed","template":"","meta":[],"_links":{"self":[{"href":"https:\/\/casabravo.cl\/index.php?rest_route=\/wp\/v2\/product\/526"}],"collection":[{"href":"https:\/\/casabravo.cl\/index.php?rest_route=\/wp\/v2\/product"}],"about":[{"href":"https:\/\/casabravo.cl\/index.php?rest_route=\/wp\/v2\/types\/product"}],"replies":[{"embeddable":true,"href":"https:\/\/casabravo.cl\/index.php?rest_route=%2Fwp%2Fv2%2Fcomments&post=526"}],"wp:featuredmedia":[{"embeddable":true,"href":"https:\/\/casabravo.cl\/index.php?rest_route=\/wp\/v2\/media\/524"}],"wp:attachment":[{"href":"https:\/\/casabravo.cl\/index.php?rest_route=%2Fwp%2Fv2%2Fmedia&parent=526"}],"curies":[{"name":"wp","href":"https:\/\/api.w.org\/{rel}","templated":true}]}}