{"id":525,"date":"2016-05-17T15:15:15","date_gmt":"2016-05-17T15:15:15","guid":{"rendered":"http:\/\/casabravo.cl\/?post_type=product&#038;p=525"},"modified":"2019-01-11T19:48:53","modified_gmt":"2019-01-11T19:48:53","slug":"pantalla-14led-slim-1366x768-tp51-30-pines-lp140wh2","status":"publish","type":"product","link":"https:\/\/casabravo.cl\/?product=pantalla-14led-slim-1366x768-tp51-30-pines-lp140wh2","title":{"rendered":"PANTALLA 14&#8243;LED SLIM"},"content":{"rendered":"<p><strong>\u00a0 \u00a0 \u00a0 \u00a0 \u00a0 \u00a0 \u00a0 \u00a0 \u00a0 \u00a0 \u00a0 \u00a0 \u00a0 \u00a0 \u00a0 \u00a0 \u00a0 \u00a0 \u00a0 \u00a0 \u00a0 \u00a0 \u00a0 \u00a0 \u00a0 \u00a0 \u00a0 \u00a0 \u00a0 \u00a0 \u00a0 \u00a0 \u00a0 \u00a0 \u00a0 \u00a0 \u00a0 \u00a0 \u00a0 \u00a0 \u00a0 \u00a0 \u00a0 \u00a0 \u00a0 \u00a0 \u00a0PANTALLA TRA\u00cdDA A PEDIDO<\/strong><\/p>\n<p><strong>CARACTER\u00cdSTICAS:<\/strong><\/p>\n<p>APLICACI\u00d3N: PANTALLA PARA NOTEBOOK<\/p>\n<p>TIPO:\u00a0LED SLIM 1366 x 768 &#8211;\u00a030 PINES<\/p>\n<p>TAMA\u00d1O: 14,0\u201d PULGADAS<\/p>\n<p>C\u00d3DIGO: 001616<\/p>\n","protected":false},"excerpt":{"rendered":"<p>\u00a0 \u00a0 \u00a0 \u00a0 \u00a0 \u00a0 \u00a0 \u00a0 \u00a0 \u00a0 \u00a0 \u00a0 \u00a0 \u00a0 \u00a0 \u00a0 \u00a0 \u00a0 \u00a0 \u00a0 \u00a0 \u00a0 \u00a0 \u00a0 \u00a0 \u00a0 \u00a0 \u00a0 \u00a0 \u00a0 \u00a0 \u00a0 \u00a0 \u00a0 \u00a0 \u00a0 \u00a0 \u00a0 \u00a0 \u00a0 \u00a0 \u00a0 \u00a0 \u00a0 \u00a0 \u00a0 \u00a0PANTALLA TRA\u00cdDA A PEDIDO CARACTER\u00cdSTICAS: APLICACI\u00d3N: PANTALLA PARA NOTEBOOK &hellip;<\/p>\n<p class=\"read-more\"> <a class=\"\" href=\"https:\/\/casabravo.cl\/?product=pantalla-14led-slim-1366x768-tp51-30-pines-lp140wh2\"> <span class=\"screen-reader-text\">PANTALLA 14&#8243;LED SLIM<\/span> Leer m\u00e1s &raquo;<\/a><\/p>\n","protected":false},"featured_media":524,"comment_status":"open","ping_status":"closed","template":"","meta":[],"_links":{"self":[{"href":"https:\/\/casabravo.cl\/index.php?rest_route=\/wp\/v2\/product\/525"}],"collection":[{"href":"https:\/\/casabravo.cl\/index.php?rest_route=\/wp\/v2\/product"}],"about":[{"href":"https:\/\/casabravo.cl\/index.php?rest_route=\/wp\/v2\/types\/product"}],"replies":[{"embeddable":true,"href":"https:\/\/casabravo.cl\/index.php?rest_route=%2Fwp%2Fv2%2Fcomments&post=525"}],"wp:featuredmedia":[{"embeddable":true,"href":"https:\/\/casabravo.cl\/index.php?rest_route=\/wp\/v2\/media\/524"}],"wp:attachment":[{"href":"https:\/\/casabravo.cl\/index.php?rest_route=%2Fwp%2Fv2%2Fmedia&parent=525"}],"curies":[{"name":"wp","href":"https:\/\/api.w.org\/{rel}","templated":true}]}}