{"id":521,"date":"2016-05-17T15:08:50","date_gmt":"2016-05-17T15:08:50","guid":{"rendered":"http:\/\/casabravo.cl\/?post_type=product&#038;p=521"},"modified":"2019-01-11T19:55:36","modified_gmt":"2019-01-11T19:55:36","slug":"pantalla-14-0-led-ultra-slim","status":"publish","type":"product","link":"https:\/\/casabravo.cl\/?product=pantalla-14-0-led-ultra-slim","title":{"rendered":"PANTALLA 14.0&#8243; LED ULTRA SLIM"},"content":{"rendered":"<p><strong>\u00a0 \u00a0 \u00a0 \u00a0 \u00a0 \u00a0 \u00a0 \u00a0 \u00a0 \u00a0 \u00a0 \u00a0 \u00a0 \u00a0 \u00a0 \u00a0 \u00a0 \u00a0 \u00a0 \u00a0 \u00a0 \u00a0 \u00a0 \u00a0 \u00a0 \u00a0 \u00a0 \u00a0 \u00a0 \u00a0 \u00a0 \u00a0 \u00a0 \u00a0 \u00a0 \u00a0 \u00a0 \u00a0 \u00a0 \u00a0 \u00a0 \u00a0 \u00a0 \u00a0 \u00a0 \u00a0 \u00a0 \u00a0 PANTALLA TRA\u00cdDA A PEDIDO<\/strong><\/p>\n<p><strong>CARACTER\u00cdSTICAS:<\/strong><\/p>\n<p>APLICACI\u00d3N: PANTALLA PARA NOTEBOOK<\/p>\n<p>TIPO:\u00a0LED ULTRA SLIM 40 PINES<\/p>\n<p>TAMA\u00d1O: 14,0\u201d PULGADAS<\/p>\n<p>C\u00d3DIGO: 001808<\/p>\n","protected":false},"excerpt":{"rendered":"<p>\u00a0 \u00a0 \u00a0 \u00a0 \u00a0 \u00a0 \u00a0 \u00a0 \u00a0 \u00a0 \u00a0 \u00a0 \u00a0 \u00a0 \u00a0 \u00a0 \u00a0 \u00a0 \u00a0 \u00a0 \u00a0 \u00a0 \u00a0 \u00a0 \u00a0 \u00a0 \u00a0 \u00a0 \u00a0 \u00a0 \u00a0 \u00a0 \u00a0 \u00a0 \u00a0 \u00a0 \u00a0 \u00a0 \u00a0 \u00a0 \u00a0 \u00a0 \u00a0 \u00a0 \u00a0 \u00a0 \u00a0 \u00a0 PANTALLA TRA\u00cdDA A PEDIDO CARACTER\u00cdSTICAS: APLICACI\u00d3N: PANTALLA &hellip;<\/p>\n<p class=\"read-more\"> <a class=\"\" href=\"https:\/\/casabravo.cl\/?product=pantalla-14-0-led-ultra-slim\"> <span class=\"screen-reader-text\">PANTALLA 14.0&#8243; LED ULTRA SLIM<\/span> Leer m\u00e1s &raquo;<\/a><\/p>\n","protected":false},"featured_media":0,"comment_status":"open","ping_status":"closed","template":"","meta":[],"_links":{"self":[{"href":"https:\/\/casabravo.cl\/index.php?rest_route=\/wp\/v2\/product\/521"}],"collection":[{"href":"https:\/\/casabravo.cl\/index.php?rest_route=\/wp\/v2\/product"}],"about":[{"href":"https:\/\/casabravo.cl\/index.php?rest_route=\/wp\/v2\/types\/product"}],"replies":[{"embeddable":true,"href":"https:\/\/casabravo.cl\/index.php?rest_route=%2Fwp%2Fv2%2Fcomments&post=521"}],"wp:attachment":[{"href":"https:\/\/casabravo.cl\/index.php?rest_route=%2Fwp%2Fv2%2Fmedia&parent=521"}],"curies":[{"name":"wp","href":"https:\/\/api.w.org\/{rel}","templated":true}]}}