{"id":516,"date":"2016-05-17T15:01:22","date_gmt":"2016-05-17T15:01:22","guid":{"rendered":"http:\/\/casabravo.cl\/?post_type=product&#038;p=516"},"modified":"2019-01-11T20:05:13","modified_gmt":"2019-01-11T20:05:13","slug":"pantalla-15-4-led","status":"publish","type":"product","link":"https:\/\/casabravo.cl\/?product=pantalla-15-4-led","title":{"rendered":"PANTALLA 15.4&#8243; LED"},"content":{"rendered":"<p><strong>\u00a0 \u00a0 \u00a0 \u00a0 \u00a0 \u00a0 \u00a0 \u00a0 \u00a0 \u00a0 \u00a0 \u00a0 \u00a0 \u00a0 \u00a0 \u00a0 \u00a0 \u00a0 \u00a0 \u00a0 \u00a0 \u00a0 \u00a0 \u00a0 \u00a0 \u00a0 \u00a0 \u00a0 \u00a0 \u00a0 \u00a0 \u00a0 \u00a0 \u00a0 \u00a0 \u00a0 \u00a0 \u00a0 \u00a0 \u00a0 \u00a0 \u00a0 \u00a0 \u00a0 \u00a0 PANTALLA\u00a0 TRA\u00cdDA A PEDIDO<\/strong><\/p>\n<p><strong>CARACTER\u00cdSTICAS:<\/strong><\/p>\n<p>APLICACI\u00d3N: PANTALLA PARA NOTEBOOK<\/p>\n<p>TIPO: LED<\/p>\n<p>TAMA\u00d1O: 15,4\u201d PULGADAS<\/p>\n<p>C\u00d3DIGO: 001800<\/p>\n","protected":false},"excerpt":{"rendered":"<p>\u00a0 \u00a0 \u00a0 \u00a0 \u00a0 \u00a0 \u00a0 \u00a0 \u00a0 \u00a0 \u00a0 \u00a0 \u00a0 \u00a0 \u00a0 \u00a0 \u00a0 \u00a0 \u00a0 \u00a0 \u00a0 \u00a0 \u00a0 \u00a0 \u00a0 \u00a0 \u00a0 \u00a0 \u00a0 \u00a0 \u00a0 \u00a0 \u00a0 \u00a0 \u00a0 \u00a0 \u00a0 \u00a0 \u00a0 \u00a0 \u00a0 \u00a0 \u00a0 \u00a0 \u00a0 PANTALLA\u00a0 TRA\u00cdDA A PEDIDO CARACTER\u00cdSTICAS: APLICACI\u00d3N: PANTALLA PARA NOTEBOOK TIPO: &hellip;<\/p>\n<p class=\"read-more\"> <a class=\"\" href=\"https:\/\/casabravo.cl\/?product=pantalla-15-4-led\"> <span class=\"screen-reader-text\">PANTALLA 15.4&#8243; LED<\/span> Leer m\u00e1s &raquo;<\/a><\/p>\n","protected":false},"featured_media":517,"comment_status":"open","ping_status":"closed","template":"","meta":[],"_links":{"self":[{"href":"https:\/\/casabravo.cl\/index.php?rest_route=\/wp\/v2\/product\/516"}],"collection":[{"href":"https:\/\/casabravo.cl\/index.php?rest_route=\/wp\/v2\/product"}],"about":[{"href":"https:\/\/casabravo.cl\/index.php?rest_route=\/wp\/v2\/types\/product"}],"replies":[{"embeddable":true,"href":"https:\/\/casabravo.cl\/index.php?rest_route=%2Fwp%2Fv2%2Fcomments&post=516"}],"wp:featuredmedia":[{"embeddable":true,"href":"https:\/\/casabravo.cl\/index.php?rest_route=\/wp\/v2\/media\/517"}],"wp:attachment":[{"href":"https:\/\/casabravo.cl\/index.php?rest_route=%2Fwp%2Fv2%2Fmedia&parent=516"}],"curies":[{"name":"wp","href":"https:\/\/api.w.org\/{rel}","templated":true}]}}