{"id":5142,"date":"2020-10-29T19:50:06","date_gmt":"2020-10-29T19:50:06","guid":{"rendered":"http:\/\/casabravo.cl\/?post_type=product&#038;p=5142"},"modified":"2021-12-17T14:22:05","modified_gmt":"2021-12-17T14:22:05","slug":"maquina-para-humo-niebla-con-control","status":"publish","type":"product","link":"https:\/\/casabravo.cl\/?product=maquina-para-humo-niebla-con-control","title":{"rendered":"M\u00c1QUINA PARA HUMO\/NIEBLA CON CONTROL"},"content":{"rendered":"<p>M\u00c1QUINA<\/p>\n<p><strong>CARACT\u00c9RISTICAS:<\/strong><\/p>\n<p>APLICACI\u00d3N: M\u00c1QUINA PARA FIESTA<\/p>\n<p>TIPO: HUMO\/NIEBLA<\/p>\n<p>FUNCI\u00d3N: CON CONTROL REMOTO<\/p>\n<p>MARCA: DINON<\/p>\n<p>C\u00d3DIGO: 000881<\/p>\n<p>&nbsp;<\/p>\n","protected":false},"excerpt":{"rendered":"<p>M\u00c1QUINA CARACT\u00c9RISTICAS: APLICACI\u00d3N: M\u00c1QUINA PARA FIESTA TIPO: HUMO\/NIEBLA FUNCI\u00d3N: CON CONTROL REMOTO MARCA: DINON C\u00d3DIGO: 000881 &nbsp;<\/p>\n","protected":false},"featured_media":5143,"comment_status":"open","ping_status":"closed","template":"","meta":[],"_links":{"self":[{"href":"https:\/\/casabravo.cl\/index.php?rest_route=\/wp\/v2\/product\/5142"}],"collection":[{"href":"https:\/\/casabravo.cl\/index.php?rest_route=\/wp\/v2\/product"}],"about":[{"href":"https:\/\/casabravo.cl\/index.php?rest_route=\/wp\/v2\/types\/product"}],"replies":[{"embeddable":true,"href":"https:\/\/casabravo.cl\/index.php?rest_route=%2Fwp%2Fv2%2Fcomments&post=5142"}],"wp:featuredmedia":[{"embeddable":true,"href":"https:\/\/casabravo.cl\/index.php?rest_route=\/wp\/v2\/media\/5143"}],"wp:attachment":[{"href":"https:\/\/casabravo.cl\/index.php?rest_route=%2Fwp%2Fv2%2Fmedia&parent=5142"}],"curies":[{"name":"wp","href":"https:\/\/api.w.org\/{rel}","templated":true}]}}