{"id":5135,"date":"2020-10-29T14:05:23","date_gmt":"2020-10-29T14:05:23","guid":{"rendered":"http:\/\/casabravo.cl\/?post_type=product&#038;p=5135"},"modified":"2024-05-31T21:32:52","modified_gmt":"2024-05-31T21:32:52","slug":"pasta-termica","status":"publish","type":"product","link":"https:\/\/casabravo.cl\/?product=pasta-termica","title":{"rendered":"PASTA T\u00c9RMICA"},"content":{"rendered":"<p>PASTA<\/p>\n<p><strong>CARACTER\u00cdSTICAS:<\/strong><\/p>\n<p>APLICACI\u00d3N: PASTA DISIPADORA PARA CPU<\/p>\n<p>TIPO: JERINGA CON ESP\u00c1TULA<\/p>\n<p>CANTIDAD: 3.0 GRAMOS<\/p>\n<p>COLOR: GRAY<\/p>\n<p>MODELO: TG3<\/p>\n<p>MARCA: GAMEMAX<\/p>\n<p>C\u00d3DIGO: 001499<\/p>\n","protected":false},"excerpt":{"rendered":"<p>PASTA CARACTER\u00cdSTICAS: APLICACI\u00d3N: PASTA DISIPADORA PARA CPU TIPO: JERINGA CON ESP\u00c1TULA CANTIDAD: 3.0 GRAMOS COLOR: GRAY MODELO: TG3 MARCA: GAMEMAX C\u00d3DIGO: 001499<\/p>\n","protected":false},"featured_media":0,"comment_status":"open","ping_status":"closed","template":"","meta":[],"_links":{"self":[{"href":"https:\/\/casabravo.cl\/index.php?rest_route=\/wp\/v2\/product\/5135"}],"collection":[{"href":"https:\/\/casabravo.cl\/index.php?rest_route=\/wp\/v2\/product"}],"about":[{"href":"https:\/\/casabravo.cl\/index.php?rest_route=\/wp\/v2\/types\/product"}],"replies":[{"embeddable":true,"href":"https:\/\/casabravo.cl\/index.php?rest_route=%2Fwp%2Fv2%2Fcomments&post=5135"}],"wp:attachment":[{"href":"https:\/\/casabravo.cl\/index.php?rest_route=%2Fwp%2Fv2%2Fmedia&parent=5135"}],"curies":[{"name":"wp","href":"https:\/\/api.w.org\/{rel}","templated":true}]}}