{"id":513,"date":"2016-05-17T14:58:36","date_gmt":"2016-05-17T14:58:36","guid":{"rendered":"http:\/\/casabravo.cl\/?post_type=product&#038;p=513"},"modified":"2019-01-11T19:58:35","modified_gmt":"2019-01-11T19:58:35","slug":"pantalla-15-6-led-1366x768-40-pines","status":"publish","type":"product","link":"https:\/\/casabravo.cl\/?product=pantalla-15-6-led-1366x768-40-pines","title":{"rendered":"PANTALLA 15.6&#8243; LED 40 PINES"},"content":{"rendered":"<p><strong>\u00a0 \u00a0 \u00a0 \u00a0 \u00a0 \u00a0 \u00a0 \u00a0 \u00a0 \u00a0 \u00a0 \u00a0 \u00a0 \u00a0 \u00a0 \u00a0 \u00a0 \u00a0 \u00a0 \u00a0 \u00a0 \u00a0 \u00a0 \u00a0 \u00a0 \u00a0 \u00a0 \u00a0 \u00a0 \u00a0 \u00a0 \u00a0 \u00a0 \u00a0 \u00a0 \u00a0 \u00a0 \u00a0 \u00a0 \u00a0 \u00a0 \u00a0 \u00a0 \u00a0 \u00a0 \u00a0 \u00a0 PANTALLA TRA\u00cdDA A PEDIDO<\/strong><\/p>\n<p><strong>CARACTER\u00cdSTICAS:<\/strong><\/p>\n<p>APLICACI\u00d3N: PANTALLA PARA NOTEBOOK<\/p>\n<p>TIPO:\u00a0LED 1366 x 768 40 PINES<\/p>\n<p>TAMA\u00d1O: 15,6&#8221; PULGADAS<\/p>\n<p>C\u00d3DIGO: 000860<\/p>\n","protected":false},"excerpt":{"rendered":"<p>\u00a0 \u00a0 \u00a0 \u00a0 \u00a0 \u00a0 \u00a0 \u00a0 \u00a0 \u00a0 \u00a0 \u00a0 \u00a0 \u00a0 \u00a0 \u00a0 \u00a0 \u00a0 \u00a0 \u00a0 \u00a0 \u00a0 \u00a0 \u00a0 \u00a0 \u00a0 \u00a0 \u00a0 \u00a0 \u00a0 \u00a0 \u00a0 \u00a0 \u00a0 \u00a0 \u00a0 \u00a0 \u00a0 \u00a0 \u00a0 \u00a0 \u00a0 \u00a0 \u00a0 \u00a0 \u00a0 \u00a0 PANTALLA TRA\u00cdDA A PEDIDO CARACTER\u00cdSTICAS: APLICACI\u00d3N: PANTALLA PARA &hellip;<\/p>\n<p class=\"read-more\"> <a class=\"\" href=\"https:\/\/casabravo.cl\/?product=pantalla-15-6-led-1366x768-40-pines\"> <span class=\"screen-reader-text\">PANTALLA 15.6&#8243; LED 40 PINES<\/span> Leer m\u00e1s &raquo;<\/a><\/p>\n","protected":false},"featured_media":0,"comment_status":"open","ping_status":"closed","template":"","meta":[],"_links":{"self":[{"href":"https:\/\/casabravo.cl\/index.php?rest_route=\/wp\/v2\/product\/513"}],"collection":[{"href":"https:\/\/casabravo.cl\/index.php?rest_route=\/wp\/v2\/product"}],"about":[{"href":"https:\/\/casabravo.cl\/index.php?rest_route=\/wp\/v2\/types\/product"}],"replies":[{"embeddable":true,"href":"https:\/\/casabravo.cl\/index.php?rest_route=%2Fwp%2Fv2%2Fcomments&post=513"}],"wp:attachment":[{"href":"https:\/\/casabravo.cl\/index.php?rest_route=%2Fwp%2Fv2%2Fmedia&parent=513"}],"curies":[{"name":"wp","href":"https:\/\/api.w.org\/{rel}","templated":true}]}}