{"id":5113,"date":"2020-10-06T15:04:14","date_gmt":"2020-10-06T15:04:14","guid":{"rendered":"http:\/\/casabravo.cl\/?post_type=product&#038;p=5113"},"modified":"2021-08-10T14:46:27","modified_gmt":"2021-08-10T14:46:27","slug":"hub-4-puertos-usb-3-0","status":"publish","type":"product","link":"https:\/\/casabravo.cl\/?product=hub-4-puertos-usb-3-0","title":{"rendered":"HUB 4 PUERTOS USB 3.0"},"content":{"rendered":"<p>HUB<\/p>\n<p><strong>CARACTER\u00cdSTICAS:<\/strong><\/p>\n<p>APLICACI\u00d3N: 4 PUERTOS DE CONEXI\u00d3N<\/p>\n<p>+ 4 INTERRUPTORES DE ENCENDIDO<\/p>\n<p>TIPO: USB 3.0<\/p>\n<p>MODELO: HUG-011<\/p>\n<p>MARCA: GTC<\/p>\n<p>C\u00d3DIGO: 001341<\/p>\n","protected":false},"excerpt":{"rendered":"<p>HUB CARACTER\u00cdSTICAS: APLICACI\u00d3N: 4 PUERTOS DE CONEXI\u00d3N + 4 INTERRUPTORES DE ENCENDIDO TIPO: USB 3.0 MODELO: HUG-011 MARCA: GTC C\u00d3DIGO: 001341<\/p>\n","protected":false},"featured_media":0,"comment_status":"open","ping_status":"closed","template":"","meta":[],"_links":{"self":[{"href":"https:\/\/casabravo.cl\/index.php?rest_route=\/wp\/v2\/product\/5113"}],"collection":[{"href":"https:\/\/casabravo.cl\/index.php?rest_route=\/wp\/v2\/product"}],"about":[{"href":"https:\/\/casabravo.cl\/index.php?rest_route=\/wp\/v2\/types\/product"}],"replies":[{"embeddable":true,"href":"https:\/\/casabravo.cl\/index.php?rest_route=%2Fwp%2Fv2%2Fcomments&post=5113"}],"wp:attachment":[{"href":"https:\/\/casabravo.cl\/index.php?rest_route=%2Fwp%2Fv2%2Fmedia&parent=5113"}],"curies":[{"name":"wp","href":"https:\/\/api.w.org\/{rel}","templated":true}]}}