{"id":5074,"date":"2020-09-12T16:17:26","date_gmt":"2020-09-12T16:17:26","guid":{"rendered":"http:\/\/casabravo.cl\/?post_type=product&#038;p=5074"},"modified":"2021-08-10T14:47:54","modified_gmt":"2021-08-10T14:47:54","slug":"tarjeta-pci-express-wifi-300-mbps","status":"publish","type":"product","link":"https:\/\/casabravo.cl\/?product=tarjeta-pci-express-wifi-300-mbps","title":{"rendered":"TARJETA PCI EXPRESS WIFI 300 MBPS"},"content":{"rendered":"<p>TARJETA<\/p>\n<p><strong>CARACTER\u00cdSTICAS:<\/strong><\/p>\n<p>APLICACI\u00d3N: TARJETA WIFI<\/p>\n<p>TIPO: PCI EXPRESS 2 ANTENAS<\/p>\n<p>POTENCIA: 300 MBPS<\/p>\n<p>MODELO: TL-WN881ND<\/p>\n<p>MARCA: TP-LINK<\/p>\n<p>C\u00d3DIGO: 000388<\/p>\n","protected":false},"excerpt":{"rendered":"<p>TARJETA CARACTER\u00cdSTICAS: APLICACI\u00d3N: TARJETA WIFI TIPO: PCI EXPRESS 2 ANTENAS POTENCIA: 300 MBPS MODELO: TL-WN881ND MARCA: TP-LINK C\u00d3DIGO: 000388<\/p>\n","protected":false},"featured_media":0,"comment_status":"open","ping_status":"closed","template":"","meta":[],"_links":{"self":[{"href":"https:\/\/casabravo.cl\/index.php?rest_route=\/wp\/v2\/product\/5074"}],"collection":[{"href":"https:\/\/casabravo.cl\/index.php?rest_route=\/wp\/v2\/product"}],"about":[{"href":"https:\/\/casabravo.cl\/index.php?rest_route=\/wp\/v2\/types\/product"}],"replies":[{"embeddable":true,"href":"https:\/\/casabravo.cl\/index.php?rest_route=%2Fwp%2Fv2%2Fcomments&post=5074"}],"wp:attachment":[{"href":"https:\/\/casabravo.cl\/index.php?rest_route=%2Fwp%2Fv2%2Fmedia&parent=5074"}],"curies":[{"name":"wp","href":"https:\/\/api.w.org\/{rel}","templated":true}]}}