{"id":5072,"date":"2020-09-12T16:00:50","date_gmt":"2020-09-12T16:00:50","guid":{"rendered":"http:\/\/casabravo.cl\/?post_type=product&#038;p=5072"},"modified":"2021-06-04T16:15:40","modified_gmt":"2021-06-04T16:15:40","slug":"router-inalambrico-300-mbps-2","status":"publish","type":"product","link":"https:\/\/casabravo.cl\/?product=router-inalambrico-300-mbps-2","title":{"rendered":"ROUTER INAL\u00c1MBRICO 300 MBPS"},"content":{"rendered":"<p>ROUTER<\/p>\n<p><strong>CARACTER\u00cdSTICAS:<\/strong><\/p>\n<p>APLICACI\u00d3N: ROUTER INAL\u00c1MBRICO PARA RED<\/p>\n<p>TIPO: DOS ANTENAS 9 DBI<\/p>\n<p>POTENCIA: 300 MBPS<\/p>\n<p>MODELO: TL-WR841HP<\/p>\n<p>MARCA: TP-LINK<\/p>\n<p>C\u00d3DIGO: 000359<\/p>\n<p>&nbsp;<\/p>\n","protected":false},"excerpt":{"rendered":"<p>ROUTER CARACTER\u00cdSTICAS: APLICACI\u00d3N: ROUTER INAL\u00c1MBRICO PARA RED TIPO: DOS ANTENAS 9 DBI POTENCIA: 300 MBPS MODELO: TL-WR841HP MARCA: TP-LINK C\u00d3DIGO: 000359 &nbsp;<\/p>\n","protected":false},"featured_media":0,"comment_status":"open","ping_status":"closed","template":"","meta":[],"_links":{"self":[{"href":"https:\/\/casabravo.cl\/index.php?rest_route=\/wp\/v2\/product\/5072"}],"collection":[{"href":"https:\/\/casabravo.cl\/index.php?rest_route=\/wp\/v2\/product"}],"about":[{"href":"https:\/\/casabravo.cl\/index.php?rest_route=\/wp\/v2\/types\/product"}],"replies":[{"embeddable":true,"href":"https:\/\/casabravo.cl\/index.php?rest_route=%2Fwp%2Fv2%2Fcomments&post=5072"}],"wp:attachment":[{"href":"https:\/\/casabravo.cl\/index.php?rest_route=%2Fwp%2Fv2%2Fmedia&parent=5072"}],"curies":[{"name":"wp","href":"https:\/\/api.w.org\/{rel}","templated":true}]}}