{"id":5071,"date":"2020-09-12T15:40:08","date_gmt":"2020-09-12T15:40:08","guid":{"rendered":"http:\/\/casabravo.cl\/?post_type=product&#038;p=5071"},"modified":"2020-09-12T15:40:08","modified_gmt":"2020-09-12T15:40:08","slug":"adaptador-wifi-con-antena-150-mbps","status":"publish","type":"product","link":"https:\/\/casabravo.cl\/?product=adaptador-wifi-con-antena-150-mbps","title":{"rendered":"ADAPTADOR WIFI CON ANTENA 150 MBPS"},"content":{"rendered":"<p>ADAPTADOR<\/p>\n<p><strong>CARACTER\u00cdSTICAS:<\/strong><\/p>\n<p>APLICACI\u00d3N: ADAPTADOR WIFI<\/p>\n<p>TIPO: CON ANTENA<\/p>\n<p>POTENCIA: 150 MBPS<\/p>\n<p>MODELO: TL-WN722N<\/p>\n<p>MARCA: TP-LINK<\/p>\n<p>C\u00d3DIGO: 000349<\/p>\n<p>&nbsp;<\/p>\n","protected":false},"excerpt":{"rendered":"<p>ADAPTADOR CARACTER\u00cdSTICAS: APLICACI\u00d3N: ADAPTADOR WIFI TIPO: CON ANTENA POTENCIA: 150 MBPS MODELO: TL-WN722N MARCA: TP-LINK C\u00d3DIGO: 000349 &nbsp;<\/p>\n","protected":false},"featured_media":341,"comment_status":"open","ping_status":"closed","template":"","meta":[],"_links":{"self":[{"href":"https:\/\/casabravo.cl\/index.php?rest_route=\/wp\/v2\/product\/5071"}],"collection":[{"href":"https:\/\/casabravo.cl\/index.php?rest_route=\/wp\/v2\/product"}],"about":[{"href":"https:\/\/casabravo.cl\/index.php?rest_route=\/wp\/v2\/types\/product"}],"replies":[{"embeddable":true,"href":"https:\/\/casabravo.cl\/index.php?rest_route=%2Fwp%2Fv2%2Fcomments&post=5071"}],"wp:featuredmedia":[{"embeddable":true,"href":"https:\/\/casabravo.cl\/index.php?rest_route=\/wp\/v2\/media\/341"}],"wp:attachment":[{"href":"https:\/\/casabravo.cl\/index.php?rest_route=%2Fwp%2Fv2%2Fmedia&parent=5071"}],"curies":[{"name":"wp","href":"https:\/\/api.w.org\/{rel}","templated":true}]}}