{"id":5067,"date":"2020-09-12T15:20:27","date_gmt":"2020-09-12T15:20:27","guid":{"rendered":"http:\/\/casabravo.cl\/?post_type=product&#038;p=5067"},"modified":"2020-09-12T15:20:27","modified_gmt":"2020-09-12T15:20:27","slug":"adaptador-usb-wifi-300-mbps","status":"publish","type":"product","link":"https:\/\/casabravo.cl\/?product=adaptador-usb-wifi-300-mbps","title":{"rendered":"ADAPTADOR USB WIFI 300 MBPS"},"content":{"rendered":"<p>ADAPTADOR<\/p>\n<p><strong>CARACTER\u00cdSTICAS:<\/strong><\/p>\n<p>APLICACI\u00d3N: ADAPTADOR WIFI<\/p>\n<p>TIPO: SIN ANTENA<\/p>\n<p>POTENCIA: 300 MBPS<\/p>\n<p>MODELO: TL-WN823N<\/p>\n<p>MARCA: TP-LINK<\/p>\n<p>C\u00d3DIGO: 000337<\/p>\n<p>&nbsp;<\/p>\n","protected":false},"excerpt":{"rendered":"<p>ADAPTADOR CARACTER\u00cdSTICAS: APLICACI\u00d3N: ADAPTADOR WIFI TIPO: SIN ANTENA POTENCIA: 300 MBPS MODELO: TL-WN823N MARCA: TP-LINK C\u00d3DIGO: 000337 &nbsp;<\/p>\n","protected":false},"featured_media":5068,"comment_status":"open","ping_status":"closed","template":"","meta":[],"_links":{"self":[{"href":"https:\/\/casabravo.cl\/index.php?rest_route=\/wp\/v2\/product\/5067"}],"collection":[{"href":"https:\/\/casabravo.cl\/index.php?rest_route=\/wp\/v2\/product"}],"about":[{"href":"https:\/\/casabravo.cl\/index.php?rest_route=\/wp\/v2\/types\/product"}],"replies":[{"embeddable":true,"href":"https:\/\/casabravo.cl\/index.php?rest_route=%2Fwp%2Fv2%2Fcomments&post=5067"}],"wp:featuredmedia":[{"embeddable":true,"href":"https:\/\/casabravo.cl\/index.php?rest_route=\/wp\/v2\/media\/5068"}],"wp:attachment":[{"href":"https:\/\/casabravo.cl\/index.php?rest_route=%2Fwp%2Fv2%2Fmedia&parent=5067"}],"curies":[{"name":"wp","href":"https:\/\/api.w.org\/{rel}","templated":true}]}}