{"id":5052,"date":"2020-09-08T20:20:37","date_gmt":"2020-09-08T20:20:37","guid":{"rendered":"http:\/\/casabravo.cl\/?post_type=product&#038;p=5052"},"modified":"2023-09-07T20:36:42","modified_gmt":"2023-09-07T20:36:42","slug":"impresora-termica-usb-serial-red","status":"publish","type":"product","link":"https:\/\/casabravo.cl\/?product=impresora-termica-usb-serial-red","title":{"rendered":"IMPRESORA T\u00c9RMICA USB\/SERIAL\/RED"},"content":{"rendered":"<p>IMPRESORA<\/p>\n<p><strong>CARACTER\u00cdSTICAS:<\/strong><\/p>\n<p>APLICACI\u00d3N: IMPRESORA DE RECIBOS<\/p>\n<p>TIPO: T\u00c9RMICA<\/p>\n<p>VELOCIDAD DE IMPRESI\u00d3N: 300 MM<\/p>\n<p>INTERFAZ: SERIAL \/ USB \/ ETHERNET<\/p>\n<p>FUENTE ALIMENTACI\u00d3N: DC24V \/ 2.5A<\/p>\n<p>CORTADOR AUTOM\u00c1TICO: CORTE TOTAL \/ PARCIAL<\/p>\n<p>PAPEL SOPORTADO : 80MM. (ANCHO)<\/p>\n<p>ANCHO IMPRESI\u00d3N: 76 &#8211; 78MM<\/p>\n<p>MARCA: DINON<\/p>\n<p>C\u00d3DIGO: 000265<\/p>\n<p>&nbsp;<\/p>\n","protected":false},"excerpt":{"rendered":"<p>IMPRESORA CARACTER\u00cdSTICAS: APLICACI\u00d3N: IMPRESORA DE RECIBOS TIPO: T\u00c9RMICA VELOCIDAD DE IMPRESI\u00d3N: 300 MM INTERFAZ: SERIAL \/ USB \/ ETHERNET FUENTE ALIMENTACI\u00d3N: DC24V \/ 2.5A CORTADOR AUTOM\u00c1TICO: CORTE TOTAL \/ PARCIAL PAPEL SOPORTADO : 80MM. (ANCHO) ANCHO IMPRESI\u00d3N: 76 &#8211; 78MM MARCA: DINON C\u00d3DIGO: 000265 &nbsp;<\/p>\n","protected":false},"featured_media":5054,"comment_status":"open","ping_status":"closed","template":"","meta":[],"_links":{"self":[{"href":"https:\/\/casabravo.cl\/index.php?rest_route=\/wp\/v2\/product\/5052"}],"collection":[{"href":"https:\/\/casabravo.cl\/index.php?rest_route=\/wp\/v2\/product"}],"about":[{"href":"https:\/\/casabravo.cl\/index.php?rest_route=\/wp\/v2\/types\/product"}],"replies":[{"embeddable":true,"href":"https:\/\/casabravo.cl\/index.php?rest_route=%2Fwp%2Fv2%2Fcomments&post=5052"}],"wp:featuredmedia":[{"embeddable":true,"href":"https:\/\/casabravo.cl\/index.php?rest_route=\/wp\/v2\/media\/5054"}],"wp:attachment":[{"href":"https:\/\/casabravo.cl\/index.php?rest_route=%2Fwp%2Fv2%2Fmedia&parent=5052"}],"curies":[{"name":"wp","href":"https:\/\/api.w.org\/{rel}","templated":true}]}}