{"id":5045,"date":"2020-08-31T21:55:07","date_gmt":"2020-08-31T21:55:07","guid":{"rendered":"http:\/\/casabravo.cl\/?post_type=product&#038;p=5045"},"modified":"2020-08-31T21:55:07","modified_gmt":"2020-08-31T21:55:07","slug":"conector-copla-cctv","status":"publish","type":"product","link":"https:\/\/casabravo.cl\/?product=conector-copla-cctv","title":{"rendered":"CONECTOR COPLA CCTV"},"content":{"rendered":"<p>CONECTOR<\/p>\n<p><strong>CARACTER\u00cdSTICAS:<\/strong><\/p>\n<p>APLICACI\u00d3N: UNI\u00d3N CABLES CCTV<\/p>\n<p>TIPO: AUDIO \/ VIDEO<\/p>\n<p>MATERIAL: MET\u00c1LICO<\/p>\n<p>C\u00d3DIGO: 000279<\/p>\n<p>&nbsp;<\/p>\n","protected":false},"excerpt":{"rendered":"<p>CONECTOR CARACTER\u00cdSTICAS: APLICACI\u00d3N: UNI\u00d3N CABLES CCTV TIPO: AUDIO \/ VIDEO MATERIAL: MET\u00c1LICO C\u00d3DIGO: 000279 &nbsp;<\/p>\n","protected":false},"featured_media":5046,"comment_status":"open","ping_status":"closed","template":"","meta":[],"_links":{"self":[{"href":"https:\/\/casabravo.cl\/index.php?rest_route=\/wp\/v2\/product\/5045"}],"collection":[{"href":"https:\/\/casabravo.cl\/index.php?rest_route=\/wp\/v2\/product"}],"about":[{"href":"https:\/\/casabravo.cl\/index.php?rest_route=\/wp\/v2\/types\/product"}],"replies":[{"embeddable":true,"href":"https:\/\/casabravo.cl\/index.php?rest_route=%2Fwp%2Fv2%2Fcomments&post=5045"}],"wp:featuredmedia":[{"embeddable":true,"href":"https:\/\/casabravo.cl\/index.php?rest_route=\/wp\/v2\/media\/5046"}],"wp:attachment":[{"href":"https:\/\/casabravo.cl\/index.php?rest_route=%2Fwp%2Fv2%2Fmedia&parent=5045"}],"curies":[{"name":"wp","href":"https:\/\/api.w.org\/{rel}","templated":true}]}}