{"id":5020,"date":"2020-08-27T21:52:45","date_gmt":"2020-08-27T21:52:45","guid":{"rendered":"http:\/\/casabravo.cl\/?post_type=product&#038;p=5020"},"modified":"2021-07-15T20:19:30","modified_gmt":"2021-07-15T20:19:30","slug":"parlante-estero-usb","status":"publish","type":"product","link":"https:\/\/casabravo.cl\/?product=parlante-estero-usb","title":{"rendered":"PARLANTE ESTERO USB"},"content":{"rendered":"<p>PARLANTE<\/p>\n<p><strong>CARACTER\u00cdSTICAS:<\/strong><\/p>\n<p>APLICACI\u00d3N: PARLANTE PARA PC<\/p>\n<p>TIPO: USB A 3.5 mm<\/p>\n<p>POTENCIA: 5 WATTS (2.5W + 2.5W)<\/p>\n<p>C\u00d3DIGO: 001575<\/p>\n<p>&nbsp;<\/p>\n","protected":false},"excerpt":{"rendered":"<p>PARLANTE CARACTER\u00cdSTICAS: APLICACI\u00d3N: PARLANTE PARA PC TIPO: USB A 3.5 mm POTENCIA: 5 WATTS (2.5W + 2.5W) C\u00d3DIGO: 001575 &nbsp;<\/p>\n","protected":false},"featured_media":5021,"comment_status":"open","ping_status":"closed","template":"","meta":[],"_links":{"self":[{"href":"https:\/\/casabravo.cl\/index.php?rest_route=\/wp\/v2\/product\/5020"}],"collection":[{"href":"https:\/\/casabravo.cl\/index.php?rest_route=\/wp\/v2\/product"}],"about":[{"href":"https:\/\/casabravo.cl\/index.php?rest_route=\/wp\/v2\/types\/product"}],"replies":[{"embeddable":true,"href":"https:\/\/casabravo.cl\/index.php?rest_route=%2Fwp%2Fv2%2Fcomments&post=5020"}],"wp:featuredmedia":[{"embeddable":true,"href":"https:\/\/casabravo.cl\/index.php?rest_route=\/wp\/v2\/media\/5021"}],"wp:attachment":[{"href":"https:\/\/casabravo.cl\/index.php?rest_route=%2Fwp%2Fv2%2Fmedia&parent=5020"}],"curies":[{"name":"wp","href":"https:\/\/api.w.org\/{rel}","templated":true}]}}