{"id":4998,"date":"2020-08-27T16:27:00","date_gmt":"2020-08-27T16:27:00","guid":{"rendered":"http:\/\/casabravo.cl\/?post_type=product&#038;p=4998"},"modified":"2020-08-31T20:17:38","modified_gmt":"2020-08-31T20:17:38","slug":"mouse-gaming-rgb-3","status":"publish","type":"product","link":"https:\/\/casabravo.cl\/?product=mouse-gaming-rgb-3","title":{"rendered":"MOUSE USB GAMING RGB"},"content":{"rendered":"<p>MOUSE<\/p>\n<p><strong>CARACTER\u00cdSTICAS:<\/strong><\/p>\n<p>APLICACI\u00d3N: MOUSE USB PARA PC Y MAC<\/p>\n<p>TIPO: GAMER RGB -ERGON\u00d3MICO<\/p>\n<p>7 COLORES DE LUZ INTERCAMBIABLE<\/p>\n<p>BOTONES: POSEE 6 TECLAS PROGRAMABLES<\/p>\n<p>RESOLUCI\u00d3N: 2400DPI<\/p>\n<p>TAMA\u00d1O: 136 *71.5 *41 mm<\/p>\n<p>C\u00d3DIGO: 001128<\/p>\n<p>&nbsp;<\/p>\n","protected":false},"excerpt":{"rendered":"<p>MOUSE CARACTER\u00cdSTICAS: APLICACI\u00d3N: MOUSE USB PARA PC Y MAC TIPO: GAMER RGB -ERGON\u00d3MICO 7 COLORES DE LUZ INTERCAMBIABLE BOTONES: POSEE 6 TECLAS PROGRAMABLES RESOLUCI\u00d3N: 2400DPI TAMA\u00d1O: 136 *71.5 *41 mm C\u00d3DIGO: 001128 &nbsp;<\/p>\n","protected":false},"featured_media":5026,"comment_status":"open","ping_status":"closed","template":"","meta":[],"_links":{"self":[{"href":"https:\/\/casabravo.cl\/index.php?rest_route=\/wp\/v2\/product\/4998"}],"collection":[{"href":"https:\/\/casabravo.cl\/index.php?rest_route=\/wp\/v2\/product"}],"about":[{"href":"https:\/\/casabravo.cl\/index.php?rest_route=\/wp\/v2\/types\/product"}],"replies":[{"embeddable":true,"href":"https:\/\/casabravo.cl\/index.php?rest_route=%2Fwp%2Fv2%2Fcomments&post=4998"}],"wp:featuredmedia":[{"embeddable":true,"href":"https:\/\/casabravo.cl\/index.php?rest_route=\/wp\/v2\/media\/5026"}],"wp:attachment":[{"href":"https:\/\/casabravo.cl\/index.php?rest_route=%2Fwp%2Fv2%2Fmedia&parent=4998"}],"curies":[{"name":"wp","href":"https:\/\/api.w.org\/{rel}","templated":true}]}}