{"id":4982,"date":"2020-08-25T20:34:43","date_gmt":"2020-08-25T20:34:43","guid":{"rendered":"http:\/\/casabravo.cl\/?post_type=product&#038;p=4982"},"modified":"2020-09-25T20:52:13","modified_gmt":"2020-09-25T20:52:13","slug":"teclado-gamer-rgb-2","status":"publish","type":"product","link":"https:\/\/casabravo.cl\/?product=teclado-gamer-rgb-2","title":{"rendered":"TECLADO GAMER RGB"},"content":{"rendered":"<p>TECLADO<\/p>\n<p><strong>CARACTER\u00cdSTICAS:<\/strong><\/p>\n<p>APLICACI\u00d3N: TECLADO GAMER<\/p>\n<p>TIPO: RGB (COLORES)<\/p>\n<p>ENTRADA: USB<\/p>\n<p>TAMA\u00d1O: 460*174*34MM<\/p>\n<p>C\u00d3DIGO: 001779<\/p>\n<p>&nbsp;<\/p>\n","protected":false},"excerpt":{"rendered":"<p>TECLADO CARACTER\u00cdSTICAS: APLICACI\u00d3N: TECLADO GAMER TIPO: RGB (COLORES) ENTRADA: USB TAMA\u00d1O: 460*174*34MM C\u00d3DIGO: 001779 &nbsp;<\/p>\n","protected":false},"featured_media":4981,"comment_status":"open","ping_status":"closed","template":"","meta":[],"_links":{"self":[{"href":"https:\/\/casabravo.cl\/index.php?rest_route=\/wp\/v2\/product\/4982"}],"collection":[{"href":"https:\/\/casabravo.cl\/index.php?rest_route=\/wp\/v2\/product"}],"about":[{"href":"https:\/\/casabravo.cl\/index.php?rest_route=\/wp\/v2\/types\/product"}],"replies":[{"embeddable":true,"href":"https:\/\/casabravo.cl\/index.php?rest_route=%2Fwp%2Fv2%2Fcomments&post=4982"}],"wp:featuredmedia":[{"embeddable":true,"href":"https:\/\/casabravo.cl\/index.php?rest_route=\/wp\/v2\/media\/4981"}],"wp:attachment":[{"href":"https:\/\/casabravo.cl\/index.php?rest_route=%2Fwp%2Fv2%2Fmedia&parent=4982"}],"curies":[{"name":"wp","href":"https:\/\/api.w.org\/{rel}","templated":true}]}}