{"id":4974,"date":"2020-08-21T14:49:40","date_gmt":"2020-08-21T14:49:40","guid":{"rendered":"http:\/\/casabravo.cl\/?post_type=product&#038;p=4974"},"modified":"2021-07-15T20:33:43","modified_gmt":"2021-07-15T20:33:43","slug":"adaptador-usb-wifi-con-antena","status":"publish","type":"product","link":"https:\/\/casabravo.cl\/?product=adaptador-usb-wifi-con-antena","title":{"rendered":"ADAPTADOR USB WIFI 300MBPS 2 ANTENA"},"content":{"rendered":"<p>ADAPTADOR<\/p>\n<p><strong>CARACTER\u00cdSTICAS:<\/strong><\/p>\n<p>APLICACI\u00d3N: PARA PC Y NOTEBOOK<\/p>\n<p>TIPO: ADAPTADOR WIFI CON DOS ANTENA<\/p>\n<p>ANTENAS: 5 DBI<\/p>\n<p>VELOCIDAD: 300MBP<\/p>\n<p>MARCA: MERCUSYS<\/p>\n<p>C\u00d3DIGO: 000339<\/p>\n","protected":false},"excerpt":{"rendered":"<p>ADAPTADOR CARACTER\u00cdSTICAS: APLICACI\u00d3N: PARA PC Y NOTEBOOK TIPO: ADAPTADOR WIFI CON DOS ANTENA ANTENAS: 5 DBI VELOCIDAD: 300MBP MARCA: MERCUSYS C\u00d3DIGO: 000339<\/p>\n","protected":false},"featured_media":5944,"comment_status":"open","ping_status":"closed","template":"","meta":[],"_links":{"self":[{"href":"https:\/\/casabravo.cl\/index.php?rest_route=\/wp\/v2\/product\/4974"}],"collection":[{"href":"https:\/\/casabravo.cl\/index.php?rest_route=\/wp\/v2\/product"}],"about":[{"href":"https:\/\/casabravo.cl\/index.php?rest_route=\/wp\/v2\/types\/product"}],"replies":[{"embeddable":true,"href":"https:\/\/casabravo.cl\/index.php?rest_route=%2Fwp%2Fv2%2Fcomments&post=4974"}],"wp:featuredmedia":[{"embeddable":true,"href":"https:\/\/casabravo.cl\/index.php?rest_route=\/wp\/v2\/media\/5944"}],"wp:attachment":[{"href":"https:\/\/casabravo.cl\/index.php?rest_route=%2Fwp%2Fv2%2Fmedia&parent=4974"}],"curies":[{"name":"wp","href":"https:\/\/api.w.org\/{rel}","templated":true}]}}