{"id":4950,"date":"2020-08-14T16:31:25","date_gmt":"2020-08-14T16:31:25","guid":{"rendered":"http:\/\/casabravo.cl\/?post_type=product&#038;p=4950"},"modified":"2024-05-31T21:52:36","modified_gmt":"2024-05-31T21:52:36","slug":"adaptador-type-c","status":"publish","type":"product","link":"https:\/\/casabravo.cl\/?product=adaptador-type-c","title":{"rendered":"ADAPTADOR TYPE C MACHO\/HEMBRA"},"content":{"rendered":"<p>ADAPTADOR<\/p>\n<p>APLICACI\u00d3N: ADAPTADOR TRANSFERENCIA DE DATOS<\/p>\n<p>TIPO: TYPE C MACHO A USB 3.0 HEMBRA<\/p>\n<p>VELOCIDAD: ADMITE VELOCIDADES DE HASTA 5.0Gps<\/p>\n<p>CONDUCTOR: COBRE ESTA\u00d1ADO<\/p>\n<p>REVESTIMIENTO: PL\u00c1STICO PVC<\/p>\n<p>DI\u00c1METRO EXTERNO: 3.8mm<\/p>\n<p>LONGITUD: 12 cm<\/p>\n<p>MARCA: XTECH<\/p>\n<p>C\u00d3DIGO: 000216<\/p>\n","protected":false},"excerpt":{"rendered":"<p>ADAPTADOR APLICACI\u00d3N: ADAPTADOR TRANSFERENCIA DE DATOS TIPO: TYPE C MACHO A USB 3.0 HEMBRA VELOCIDAD: ADMITE VELOCIDADES DE HASTA 5.0Gps CONDUCTOR: COBRE ESTA\u00d1ADO REVESTIMIENTO: PL\u00c1STICO PVC DI\u00c1METRO EXTERNO: 3.8mm LONGITUD: 12 cm MARCA: XTECH C\u00d3DIGO: 000216<\/p>\n","protected":false},"featured_media":0,"comment_status":"open","ping_status":"closed","template":"","meta":[],"_links":{"self":[{"href":"https:\/\/casabravo.cl\/index.php?rest_route=\/wp\/v2\/product\/4950"}],"collection":[{"href":"https:\/\/casabravo.cl\/index.php?rest_route=\/wp\/v2\/product"}],"about":[{"href":"https:\/\/casabravo.cl\/index.php?rest_route=\/wp\/v2\/types\/product"}],"replies":[{"embeddable":true,"href":"https:\/\/casabravo.cl\/index.php?rest_route=%2Fwp%2Fv2%2Fcomments&post=4950"}],"wp:attachment":[{"href":"https:\/\/casabravo.cl\/index.php?rest_route=%2Fwp%2Fv2%2Fmedia&parent=4950"}],"curies":[{"name":"wp","href":"https:\/\/api.w.org\/{rel}","templated":true}]}}