{"id":4938,"date":"2020-07-15T17:06:32","date_gmt":"2020-07-15T17:06:32","guid":{"rendered":"http:\/\/casabravo.cl\/?post_type=product&#038;p=4938"},"modified":"2020-07-15T17:06:32","modified_gmt":"2020-07-15T17:06:32","slug":"toner-alternativo-para-hp-lh-cf248a","status":"publish","type":"product","link":"https:\/\/casabravo.cl\/?product=toner-alternativo-para-hp-lh-cf248a","title":{"rendered":"TONER ALTERNATIVO PARA HP LH-CF248A"},"content":{"rendered":"<p>TONER<\/p>\n<p><strong>CARACTER\u00cdSTICAS:<\/strong><\/p>\n<p>APLICACI\u00d3N: PARA IMPRESORA L\u00c1SER HP<\/p>\n<p>TIPO: ALTERNATIVO<\/p>\n<p>MODELO IMPRESORA: PRO M15\/16; MFP M28\/M29<\/p>\n<p>C\u00d3DIGO F\u00c1BRICA: LH-CF248A<\/p>\n<p>C\u00d3DIGO: 000160<\/p>\n<p>&nbsp;<\/p>\n","protected":false},"excerpt":{"rendered":"<p>TONER CARACTER\u00cdSTICAS: APLICACI\u00d3N: PARA IMPRESORA L\u00c1SER HP TIPO: ALTERNATIVO MODELO IMPRESORA: PRO M15\/16; MFP M28\/M29 C\u00d3DIGO F\u00c1BRICA: LH-CF248A C\u00d3DIGO: 000160 &nbsp;<\/p>\n","protected":false},"featured_media":0,"comment_status":"open","ping_status":"closed","template":"","meta":[],"_links":{"self":[{"href":"https:\/\/casabravo.cl\/index.php?rest_route=\/wp\/v2\/product\/4938"}],"collection":[{"href":"https:\/\/casabravo.cl\/index.php?rest_route=\/wp\/v2\/product"}],"about":[{"href":"https:\/\/casabravo.cl\/index.php?rest_route=\/wp\/v2\/types\/product"}],"replies":[{"embeddable":true,"href":"https:\/\/casabravo.cl\/index.php?rest_route=%2Fwp%2Fv2%2Fcomments&post=4938"}],"wp:attachment":[{"href":"https:\/\/casabravo.cl\/index.php?rest_route=%2Fwp%2Fv2%2Fmedia&parent=4938"}],"curies":[{"name":"wp","href":"https:\/\/api.w.org\/{rel}","templated":true}]}}