{"id":4921,"date":"2020-06-25T16:10:45","date_gmt":"2020-06-25T16:10:45","guid":{"rendered":"http:\/\/casabravo.cl\/?post_type=product&#038;p=4921"},"modified":"2022-10-17T15:16:25","modified_gmt":"2022-10-17T15:16:25","slug":"kit-solar-con-control-remoto-25-watts","status":"publish","type":"product","link":"https:\/\/casabravo.cl\/?product=kit-solar-con-control-remoto-25-watts","title":{"rendered":"KIT SOLAR CON CONTROL REMOTO 200 WATTS"},"content":{"rendered":"<p>KIT<\/p>\n<p><strong>CARACTER\u00cdSTICAS:<\/strong><\/p>\n<p>APLICACI\u00d3N: FOCO EXTERIOR\u00a0 200 WATTS<\/p>\n<p>TIPO: SOLAR CON CONTROL REMOTO &#8211; IP65<\/p>\n<p>ALTA LUMINOSIDAD &#8211; CRISTAL CON LUPA<\/p>\n<p>PANEL SOLAR: 5V 20 W<\/p>\n<p>COLOR: LUZ BLANCA FR\u00cdA (6500K)<\/p>\n<p>LUMINOSIDAD: 2000 L\u00daMENES<\/p>\n<p>BATER\u00cdA: 3.2V\/20 AH<\/p>\n<p>DURACI\u00d3N ENCENDIDO:\u00a0 10 &#8211; 12 HORAS<\/p>\n<p>TIEMPO DE CARGA 6- 8 HORAS<\/p>\n<p>MATERIAL: ALUMINIO<\/p>\n<p>C\u00d3DIGO: 054525<\/p>\n<p>&nbsp;<\/p>\n","protected":false},"excerpt":{"rendered":"<p>KIT CARACTER\u00cdSTICAS: APLICACI\u00d3N: FOCO EXTERIOR\u00a0 200 WATTS TIPO: SOLAR CON CONTROL REMOTO &#8211; IP65 ALTA LUMINOSIDAD &#8211; CRISTAL CON LUPA PANEL SOLAR: 5V 20 W COLOR: LUZ BLANCA FR\u00cdA (6500K) LUMINOSIDAD: 2000 L\u00daMENES BATER\u00cdA: 3.2V\/20 AH DURACI\u00d3N ENCENDIDO:\u00a0 10 &#8211; 12 HORAS TIEMPO DE CARGA 6- 8 HORAS MATERIAL: ALUMINIO C\u00d3DIGO: 054525 &nbsp;<\/p>\n","protected":false},"featured_media":0,"comment_status":"open","ping_status":"closed","template":"","meta":[],"_links":{"self":[{"href":"https:\/\/casabravo.cl\/index.php?rest_route=\/wp\/v2\/product\/4921"}],"collection":[{"href":"https:\/\/casabravo.cl\/index.php?rest_route=\/wp\/v2\/product"}],"about":[{"href":"https:\/\/casabravo.cl\/index.php?rest_route=\/wp\/v2\/types\/product"}],"replies":[{"embeddable":true,"href":"https:\/\/casabravo.cl\/index.php?rest_route=%2Fwp%2Fv2%2Fcomments&post=4921"}],"wp:attachment":[{"href":"https:\/\/casabravo.cl\/index.php?rest_route=%2Fwp%2Fv2%2Fmedia&parent=4921"}],"curies":[{"name":"wp","href":"https:\/\/api.w.org\/{rel}","templated":true}]}}