{"id":4919,"date":"2020-06-25T15:07:10","date_gmt":"2020-06-25T15:07:10","guid":{"rendered":"http:\/\/casabravo.cl\/?post_type=product&#038;p=4919"},"modified":"2020-10-29T20:31:48","modified_gmt":"2020-10-29T20:31:48","slug":"cortina-decorativa-led","status":"publish","type":"product","link":"https:\/\/casabravo.cl\/?product=cortina-decorativa-led","title":{"rendered":"CORTINA DECORATIVA LED (VINTAGE)"},"content":{"rendered":"<p>CORTINA<\/p>\n<p><strong>CARACTER\u00cdSTICAS:<\/strong><\/p>\n<p>APLICACI\u00d3N: CORTINA DECORATIVA<\/p>\n<p>TIPO: 240L &#8211; 220V (INCLUYE CONECTOR CORRIENTE)<\/p>\n<p>MEDIDA: 2 MTS.* 3 MTS.<\/p>\n<p>COLOR: LUZ C\u00c1LIDA (3000K)<\/p>\n<p>C\u00d3DIGO: 000039<\/p>\n<p>&nbsp;<\/p>\n","protected":false},"excerpt":{"rendered":"<p>CORTINA CARACTER\u00cdSTICAS: APLICACI\u00d3N: CORTINA DECORATIVA TIPO: 240L &#8211; 220V (INCLUYE CONECTOR CORRIENTE) MEDIDA: 2 MTS.* 3 MTS. COLOR: LUZ C\u00c1LIDA (3000K) C\u00d3DIGO: 000039 &nbsp;<\/p>\n","protected":false},"featured_media":4920,"comment_status":"open","ping_status":"closed","template":"","meta":[],"_links":{"self":[{"href":"https:\/\/casabravo.cl\/index.php?rest_route=\/wp\/v2\/product\/4919"}],"collection":[{"href":"https:\/\/casabravo.cl\/index.php?rest_route=\/wp\/v2\/product"}],"about":[{"href":"https:\/\/casabravo.cl\/index.php?rest_route=\/wp\/v2\/types\/product"}],"replies":[{"embeddable":true,"href":"https:\/\/casabravo.cl\/index.php?rest_route=%2Fwp%2Fv2%2Fcomments&post=4919"}],"wp:featuredmedia":[{"embeddable":true,"href":"https:\/\/casabravo.cl\/index.php?rest_route=\/wp\/v2\/media\/4920"}],"wp:attachment":[{"href":"https:\/\/casabravo.cl\/index.php?rest_route=%2Fwp%2Fv2%2Fmedia&parent=4919"}],"curies":[{"name":"wp","href":"https:\/\/api.w.org\/{rel}","templated":true}]}}