{"id":4917,"date":"2020-06-25T15:01:03","date_gmt":"2020-06-25T15:01:03","guid":{"rendered":"http:\/\/casabravo.cl\/?post_type=product&#038;p=4917"},"modified":"2020-10-29T20:35:11","modified_gmt":"2020-10-29T20:35:11","slug":"cortina-decorativa-led-12-estrellas","status":"publish","type":"product","link":"https:\/\/casabravo.cl\/?product=cortina-decorativa-led-12-estrellas","title":{"rendered":"CORTINA DECORATIVA LED 12 ESTRELLAS"},"content":{"rendered":"<p>CORTINA<\/p>\n<p><strong>CARACTER\u00cdSTICAS:<\/strong><\/p>\n<p>APLICACI\u00d3N: CORTINA LED DECORATIVA<\/p>\n<p>TIPO: 12 ESTRELLAS<\/p>\n<p>MEDIDAS: 220 CMS * 75 CMS<\/p>\n<p>COLOR: LUZ C\u00c1LIDA (3000K)<\/p>\n<p>INSTALACI\u00d3N: 220V<\/p>\n<p>C\u00d3DIGO: 000041<\/p>\n<p>&nbsp;<\/p>\n","protected":false},"excerpt":{"rendered":"<p>CORTINA CARACTER\u00cdSTICAS: APLICACI\u00d3N: CORTINA LED DECORATIVA TIPO: 12 ESTRELLAS MEDIDAS: 220 CMS * 75 CMS COLOR: LUZ C\u00c1LIDA (3000K) INSTALACI\u00d3N: 220V C\u00d3DIGO: 000041 &nbsp;<\/p>\n","protected":false},"featured_media":4918,"comment_status":"open","ping_status":"closed","template":"","meta":[],"_links":{"self":[{"href":"https:\/\/casabravo.cl\/index.php?rest_route=\/wp\/v2\/product\/4917"}],"collection":[{"href":"https:\/\/casabravo.cl\/index.php?rest_route=\/wp\/v2\/product"}],"about":[{"href":"https:\/\/casabravo.cl\/index.php?rest_route=\/wp\/v2\/types\/product"}],"replies":[{"embeddable":true,"href":"https:\/\/casabravo.cl\/index.php?rest_route=%2Fwp%2Fv2%2Fcomments&post=4917"}],"wp:featuredmedia":[{"embeddable":true,"href":"https:\/\/casabravo.cl\/index.php?rest_route=\/wp\/v2\/media\/4918"}],"wp:attachment":[{"href":"https:\/\/casabravo.cl\/index.php?rest_route=%2Fwp%2Fv2%2Fmedia&parent=4917"}],"curies":[{"name":"wp","href":"https:\/\/api.w.org\/{rel}","templated":true}]}}