{"id":4909,"date":"2020-06-24T16:54:31","date_gmt":"2020-06-24T16:54:31","guid":{"rendered":"http:\/\/casabravo.cl\/?post_type=product&#038;p=4909"},"modified":"2021-10-08T19:37:08","modified_gmt":"2021-10-08T19:37:08","slug":"ampolleta-decorativa-filamentos-4-watts","status":"publish","type":"product","link":"https:\/\/casabravo.cl\/?product=ampolleta-decorativa-filamentos-4-watts","title":{"rendered":"AMPOLLETA LED VINTAGE FILAMENTOS 8 WATTS"},"content":{"rendered":"<p>AMPOLLETA<\/p>\n<p><strong>CARACTER\u00cdSTICAS:<\/strong><\/p>\n<p>APLICACI\u00d3N: AMPOLLETA LED DECORATIVA (VINTAGE)<\/p>\n<p>TIPO: FILAMENTOS<\/p>\n<p>POTENCIA: 8 WATTS<\/p>\n<p>EQUIVALENCIA: 8W = 85W<\/p>\n<p>LUMINOSIDAD: LUZ C\u00c1LIDA (2500K)<\/p>\n<p>COLOR: AMBAR<\/p>\n<p>SOQUETE: E27<\/p>\n<p>C\u00d3DIGO: 000168<\/p>\n","protected":false},"excerpt":{"rendered":"<p>AMPOLLETA CARACTER\u00cdSTICAS: APLICACI\u00d3N: AMPOLLETA LED DECORATIVA (VINTAGE) TIPO: FILAMENTOS POTENCIA: 8 WATTS EQUIVALENCIA: 8W = 85W LUMINOSIDAD: LUZ C\u00c1LIDA (2500K) COLOR: AMBAR SOQUETE: E27 C\u00d3DIGO: 000168<\/p>\n","protected":false},"featured_media":4936,"comment_status":"open","ping_status":"closed","template":"","meta":[],"_links":{"self":[{"href":"https:\/\/casabravo.cl\/index.php?rest_route=\/wp\/v2\/product\/4909"}],"collection":[{"href":"https:\/\/casabravo.cl\/index.php?rest_route=\/wp\/v2\/product"}],"about":[{"href":"https:\/\/casabravo.cl\/index.php?rest_route=\/wp\/v2\/types\/product"}],"replies":[{"embeddable":true,"href":"https:\/\/casabravo.cl\/index.php?rest_route=%2Fwp%2Fv2%2Fcomments&post=4909"}],"wp:featuredmedia":[{"embeddable":true,"href":"https:\/\/casabravo.cl\/index.php?rest_route=\/wp\/v2\/media\/4936"}],"wp:attachment":[{"href":"https:\/\/casabravo.cl\/index.php?rest_route=%2Fwp%2Fv2%2Fmedia&parent=4909"}],"curies":[{"name":"wp","href":"https:\/\/api.w.org\/{rel}","templated":true}]}}