{"id":4907,"date":"2020-06-24T16:48:03","date_gmt":"2020-06-24T16:48:03","guid":{"rendered":"http:\/\/casabravo.cl\/?post_type=product&#038;p=4907"},"modified":"2022-10-06T15:50:04","modified_gmt":"2022-10-06T15:50:04","slug":"ampolleta-led-filamento-4-watts","status":"publish","type":"product","link":"https:\/\/casabravo.cl\/?product=ampolleta-led-filamento-4-watts","title":{"rendered":"AMPOLLETA LED VINTAGE FILAMENTO 4 WATTS"},"content":{"rendered":"<p>AMPOLLETA<\/p>\n<p><strong>CARACTER\u00cdSTICAS:<\/strong><\/p>\n<p>APLICACI\u00d3N: AMPOLLETA LED DECORATIVA<\/p>\n<p>TIPO: VELA Y FILAMENTOS<\/p>\n<p>POTENCIA: 4 WATTS<\/p>\n<p>LUMINOSIDAD: LUZ C\u00c1LIDA (2700K)<\/p>\n<p>SOQUETE: E-14<\/p>\n<p>C\u00d3DIGO: 054502<\/p>\n<p>&nbsp;<\/p>\n","protected":false},"excerpt":{"rendered":"<p>AMPOLLETA CARACTER\u00cdSTICAS: APLICACI\u00d3N: AMPOLLETA LED DECORATIVA TIPO: VELA Y FILAMENTOS POTENCIA: 4 WATTS LUMINOSIDAD: LUZ C\u00c1LIDA (2700K) SOQUETE: E-14 C\u00d3DIGO: 054502 &nbsp;<\/p>\n","protected":false},"featured_media":0,"comment_status":"open","ping_status":"closed","template":"","meta":[],"_links":{"self":[{"href":"https:\/\/casabravo.cl\/index.php?rest_route=\/wp\/v2\/product\/4907"}],"collection":[{"href":"https:\/\/casabravo.cl\/index.php?rest_route=\/wp\/v2\/product"}],"about":[{"href":"https:\/\/casabravo.cl\/index.php?rest_route=\/wp\/v2\/types\/product"}],"replies":[{"embeddable":true,"href":"https:\/\/casabravo.cl\/index.php?rest_route=%2Fwp%2Fv2%2Fcomments&post=4907"}],"wp:attachment":[{"href":"https:\/\/casabravo.cl\/index.php?rest_route=%2Fwp%2Fv2%2Fmedia&parent=4907"}],"curies":[{"name":"wp","href":"https:\/\/api.w.org\/{rel}","templated":true}]}}