{"id":4905,"date":"2020-06-24T16:10:18","date_gmt":"2020-06-24T16:10:18","guid":{"rendered":"http:\/\/casabravo.cl\/?post_type=product&#038;p=4905"},"modified":"2023-11-27T18:50:55","modified_gmt":"2023-11-27T18:50:55","slug":"tira-decorativa-20-bolas-led-5-0-metros","status":"publish","type":"product","link":"https:\/\/casabravo.cl\/?product=tira-decorativa-20-bolas-led-5-0-metros","title":{"rendered":"GUIRNALDA DECORATIVA 20 BOLAS LED 5.0 METROS"},"content":{"rendered":"<p>TIRA<\/p>\n<p><strong>CARACTER\u00cdSTICAS:<\/strong><\/p>\n<p>APLICACI\u00d3N: TIRA DECORATIVA 20 BOLAS<\/p>\n<p>TIPO: LED DE 5.0 METROS<\/p>\n<p>COLOR: LUZ C\u00c1LIDA (3000K)<\/p>\n<p>INSTALACI\u00d3N: ENCHUFE 220V<\/p>\n<p>C\u00d3DIGO: 000971<\/p>\n<p>&nbsp;<\/p>\n<p>&nbsp;<\/p>\n<p>&nbsp;<\/p>\n","protected":false},"excerpt":{"rendered":"<p>TIRA CARACTER\u00cdSTICAS: APLICACI\u00d3N: TIRA DECORATIVA 20 BOLAS TIPO: LED DE 5.0 METROS COLOR: LUZ C\u00c1LIDA (3000K) INSTALACI\u00d3N: ENCHUFE 220V C\u00d3DIGO: 000971 &nbsp; &nbsp; &nbsp;<\/p>\n","protected":false},"featured_media":4906,"comment_status":"open","ping_status":"closed","template":"","meta":[],"_links":{"self":[{"href":"https:\/\/casabravo.cl\/index.php?rest_route=\/wp\/v2\/product\/4905"}],"collection":[{"href":"https:\/\/casabravo.cl\/index.php?rest_route=\/wp\/v2\/product"}],"about":[{"href":"https:\/\/casabravo.cl\/index.php?rest_route=\/wp\/v2\/types\/product"}],"replies":[{"embeddable":true,"href":"https:\/\/casabravo.cl\/index.php?rest_route=%2Fwp%2Fv2%2Fcomments&post=4905"}],"wp:featuredmedia":[{"embeddable":true,"href":"https:\/\/casabravo.cl\/index.php?rest_route=\/wp\/v2\/media\/4906"}],"wp:attachment":[{"href":"https:\/\/casabravo.cl\/index.php?rest_route=%2Fwp%2Fv2%2Fmedia&parent=4905"}],"curies":[{"name":"wp","href":"https:\/\/api.w.org\/{rel}","templated":true}]}}