{"id":4891,"date":"2020-06-13T17:35:39","date_gmt":"2020-06-13T17:35:39","guid":{"rendered":"http:\/\/casabravo.cl\/?post_type=product&#038;p=4891"},"modified":"2024-08-21T15:23:14","modified_gmt":"2024-08-21T15:23:14","slug":"mouse-inalambrico","status":"publish","type":"product","link":"https:\/\/casabravo.cl\/?product=mouse-inalambrico","title":{"rendered":"MOUSE INAL\u00c1MBRICO LOGITECH ROJO"},"content":{"rendered":"<p>MOUSE<\/p>\n<p><strong>CARACTER\u00cdSTICAS:<\/strong><\/p>\n<p>APLICACI\u00d3N: MOUSE USB<\/p>\n<p>TIPO: INALAMBRICO<\/p>\n<p>CONTENIDO: INCLUYE PILAS<\/p>\n<p>MARCA: LOGITECH<\/p>\n<p>COLOR: ROJO Y NEGRO (IMAGEN REFERENCIAL)<\/p>\n<p>C\u00d3DIGO: 000037<\/p>\n<p>&nbsp;<\/p>\n","protected":false},"excerpt":{"rendered":"<p>MOUSE CARACTER\u00cdSTICAS: APLICACI\u00d3N: MOUSE USB TIPO: INALAMBRICO CONTENIDO: INCLUYE PILAS MARCA: LOGITECH COLOR: ROJO Y NEGRO (IMAGEN REFERENCIAL) C\u00d3DIGO: 000037 &nbsp;<\/p>\n","protected":false},"featured_media":5566,"comment_status":"open","ping_status":"closed","template":"","meta":[],"_links":{"self":[{"href":"https:\/\/casabravo.cl\/index.php?rest_route=\/wp\/v2\/product\/4891"}],"collection":[{"href":"https:\/\/casabravo.cl\/index.php?rest_route=\/wp\/v2\/product"}],"about":[{"href":"https:\/\/casabravo.cl\/index.php?rest_route=\/wp\/v2\/types\/product"}],"replies":[{"embeddable":true,"href":"https:\/\/casabravo.cl\/index.php?rest_route=%2Fwp%2Fv2%2Fcomments&post=4891"}],"wp:featuredmedia":[{"embeddable":true,"href":"https:\/\/casabravo.cl\/index.php?rest_route=\/wp\/v2\/media\/5566"}],"wp:attachment":[{"href":"https:\/\/casabravo.cl\/index.php?rest_route=%2Fwp%2Fv2%2Fmedia&parent=4891"}],"curies":[{"name":"wp","href":"https:\/\/api.w.org\/{rel}","templated":true}]}}