{"id":4877,"date":"2020-06-13T15:39:24","date_gmt":"2020-06-13T15:39:24","guid":{"rendered":"http:\/\/casabravo.cl\/?post_type=product&#038;p=4877"},"modified":"2020-06-13T15:39:24","modified_gmt":"2020-06-13T15:39:24","slug":"teclado-numerico-usb","status":"publish","type":"product","link":"https:\/\/casabravo.cl\/?product=teclado-numerico-usb","title":{"rendered":"TECLADO NUM\u00c9RICO USB"},"content":{"rendered":"<p>TECLADO<\/p>\n<p><strong>CARACTER\u00cdSTICAS:<\/strong><\/p>\n<p>APLICACI\u00d3N: TECLADO NUM\u00c9RICO<\/p>\n<p>TIPO: USB<\/p>\n<p>COMPATIBLE: WINDOWS 10<\/p>\n<p>MARCA: GENIUS<\/p>\n<p>C\u00d3DIGO: 000059<\/p>\n<p>&nbsp;<\/p>\n","protected":false},"excerpt":{"rendered":"<p>TECLADO CARACTER\u00cdSTICAS: APLICACI\u00d3N: TECLADO NUM\u00c9RICO TIPO: USB COMPATIBLE: WINDOWS 10 MARCA: GENIUS C\u00d3DIGO: 000059 &nbsp;<\/p>\n","protected":false},"featured_media":0,"comment_status":"open","ping_status":"closed","template":"","meta":[],"_links":{"self":[{"href":"https:\/\/casabravo.cl\/index.php?rest_route=\/wp\/v2\/product\/4877"}],"collection":[{"href":"https:\/\/casabravo.cl\/index.php?rest_route=\/wp\/v2\/product"}],"about":[{"href":"https:\/\/casabravo.cl\/index.php?rest_route=\/wp\/v2\/types\/product"}],"replies":[{"embeddable":true,"href":"https:\/\/casabravo.cl\/index.php?rest_route=%2Fwp%2Fv2%2Fcomments&post=4877"}],"wp:attachment":[{"href":"https:\/\/casabravo.cl\/index.php?rest_route=%2Fwp%2Fv2%2Fmedia&parent=4877"}],"curies":[{"name":"wp","href":"https:\/\/api.w.org\/{rel}","templated":true}]}}