{"id":4875,"date":"2020-06-11T15:17:22","date_gmt":"2020-06-11T15:17:22","guid":{"rendered":"http:\/\/casabravo.cl\/?post_type=product&#038;p=4875"},"modified":"2024-08-21T16:14:35","modified_gmt":"2024-08-21T16:14:35","slug":"disco-duro-solido-ssd-240gb","status":"publish","type":"product","link":"https:\/\/casabravo.cl\/?product=disco-duro-solido-ssd-240gb","title":{"rendered":"DISCO DURO S\u00d3LIDO SSD 960GB"},"content":{"rendered":"<p>DISCO<\/p>\n<p><strong>CARACTER\u00cdSTICAS:<\/strong><\/p>\n<p>APLICACI\u00d3N: DISCO 2.5&#8243; PARA PC o NOTEBOOK<\/p>\n<p>TIPO: S\u00d3LIDO SSD<\/p>\n<p>CAPACIDAD: 960GB<\/p>\n<p>MARCA: HIKVISION<\/p>\n<p>C\u00d3DIGO: 000615<\/p>\n<p>&nbsp;<\/p>\n","protected":false},"excerpt":{"rendered":"<p>DISCO CARACTER\u00cdSTICAS: APLICACI\u00d3N: DISCO 2.5&#8243; PARA PC o NOTEBOOK TIPO: S\u00d3LIDO SSD CAPACIDAD: 960GB MARCA: HIKVISION C\u00d3DIGO: 000615 &nbsp;<\/p>\n","protected":false},"featured_media":5926,"comment_status":"open","ping_status":"closed","template":"","meta":[],"_links":{"self":[{"href":"https:\/\/casabravo.cl\/index.php?rest_route=\/wp\/v2\/product\/4875"}],"collection":[{"href":"https:\/\/casabravo.cl\/index.php?rest_route=\/wp\/v2\/product"}],"about":[{"href":"https:\/\/casabravo.cl\/index.php?rest_route=\/wp\/v2\/types\/product"}],"replies":[{"embeddable":true,"href":"https:\/\/casabravo.cl\/index.php?rest_route=%2Fwp%2Fv2%2Fcomments&post=4875"}],"wp:featuredmedia":[{"embeddable":true,"href":"https:\/\/casabravo.cl\/index.php?rest_route=\/wp\/v2\/media\/5926"}],"wp:attachment":[{"href":"https:\/\/casabravo.cl\/index.php?rest_route=%2Fwp%2Fv2%2Fmedia&parent=4875"}],"curies":[{"name":"wp","href":"https:\/\/api.w.org\/{rel}","templated":true}]}}