{"id":4866,"date":"2020-06-08T17:11:58","date_gmt":"2020-06-08T17:11:58","guid":{"rendered":"http:\/\/casabravo.cl\/?post_type=product&#038;p=4866"},"modified":"2020-06-08T17:11:58","modified_gmt":"2020-06-08T17:11:58","slug":"adaptador-hdd-2-5-dvd","status":"publish","type":"product","link":"https:\/\/casabravo.cl\/?product=adaptador-hdd-2-5-dvd","title":{"rendered":"ADAPTADOR HDD 2.5 DVD"},"content":{"rendered":"<p>ADAPTADOR<\/p>\n<p><strong>CARACTER\u00cdSTICAS:<\/strong><\/p>\n<p>APLICACI\u00d3N: NOTEBOOK<\/p>\n<p>TIPO: HDD 2.5 DVD 12.7 MM<\/p>\n<p>C\u00d3DIGO: 000772<\/p>\n<p>&nbsp;<\/p>\n","protected":false},"excerpt":{"rendered":"<p>ADAPTADOR CARACTER\u00cdSTICAS: APLICACI\u00d3N: NOTEBOOK TIPO: HDD 2.5 DVD 12.7 MM C\u00d3DIGO: 000772 &nbsp;<\/p>\n","protected":false},"featured_media":0,"comment_status":"open","ping_status":"closed","template":"","meta":[],"_links":{"self":[{"href":"https:\/\/casabravo.cl\/index.php?rest_route=\/wp\/v2\/product\/4866"}],"collection":[{"href":"https:\/\/casabravo.cl\/index.php?rest_route=\/wp\/v2\/product"}],"about":[{"href":"https:\/\/casabravo.cl\/index.php?rest_route=\/wp\/v2\/types\/product"}],"replies":[{"embeddable":true,"href":"https:\/\/casabravo.cl\/index.php?rest_route=%2Fwp%2Fv2%2Fcomments&post=4866"}],"wp:attachment":[{"href":"https:\/\/casabravo.cl\/index.php?rest_route=%2Fwp%2Fv2%2Fmedia&parent=4866"}],"curies":[{"name":"wp","href":"https:\/\/api.w.org\/{rel}","templated":true}]}}