{"id":4858,"date":"2020-06-08T16:40:00","date_gmt":"2020-06-08T16:40:00","guid":{"rendered":"http:\/\/casabravo.cl\/?post_type=product&#038;p=4858"},"modified":"2023-04-11T16:16:54","modified_gmt":"2023-04-11T16:16:54","slug":"router-inalambrico-450-mbps","status":"publish","type":"product","link":"https:\/\/casabravo.cl\/?product=router-inalambrico-450-mbps","title":{"rendered":"ROUTER INAL\u00c1MBRICO 300MBPS DOS ANTENAS"},"content":{"rendered":"<p>ROUTER<\/p>\n<p><strong>CARACTER\u00cdSTICAS:<\/strong><\/p>\n<p>APLICACI\u00d3N: ROUTER INAL\u00c1MBRICO<\/p>\n<p>TIPO: DOS ANTENAS DE 5DBI<\/p>\n<p>VELOCIDAD: 300MBPS<\/p>\n<p>MODELO: TL-WR841N<\/p>\n<p>MARCA: TP-LINK<\/p>\n<p>C\u00d3DIGO: 001094<\/p>\n","protected":false},"excerpt":{"rendered":"<p>ROUTER CARACTER\u00cdSTICAS: APLICACI\u00d3N: ROUTER INAL\u00c1MBRICO TIPO: DOS ANTENAS DE 5DBI VELOCIDAD: 300MBPS MODELO: TL-WR841N MARCA: TP-LINK C\u00d3DIGO: 001094<\/p>\n","protected":false},"featured_media":264,"comment_status":"open","ping_status":"closed","template":"","meta":[],"_links":{"self":[{"href":"https:\/\/casabravo.cl\/index.php?rest_route=\/wp\/v2\/product\/4858"}],"collection":[{"href":"https:\/\/casabravo.cl\/index.php?rest_route=\/wp\/v2\/product"}],"about":[{"href":"https:\/\/casabravo.cl\/index.php?rest_route=\/wp\/v2\/types\/product"}],"replies":[{"embeddable":true,"href":"https:\/\/casabravo.cl\/index.php?rest_route=%2Fwp%2Fv2%2Fcomments&post=4858"}],"wp:featuredmedia":[{"embeddable":true,"href":"https:\/\/casabravo.cl\/index.php?rest_route=\/wp\/v2\/media\/264"}],"wp:attachment":[{"href":"https:\/\/casabravo.cl\/index.php?rest_route=%2Fwp%2Fv2%2Fmedia&parent=4858"}],"curies":[{"name":"wp","href":"https:\/\/api.w.org\/{rel}","templated":true}]}}