{"id":4856,"date":"2020-06-08T16:36:24","date_gmt":"2020-06-08T16:36:24","guid":{"rendered":"http:\/\/casabravo.cl\/?post_type=product&#038;p=4856"},"modified":"2021-06-04T16:18:01","modified_gmt":"2021-06-04T16:18:01","slug":"router-inalambrico-300-mbps","status":"publish","type":"product","link":"https:\/\/casabravo.cl\/?product=router-inalambrico-300-mbps","title":{"rendered":"ROUTER INAL\u00c1MBRICO 300 MBPS"},"content":{"rendered":"<p>ROUTER<\/p>\n<p><strong>CARACTER\u00cdSTICAS:<\/strong><\/p>\n<p>APLICACI\u00d3N: ROUTER INAL\u00c1MBRICO<\/p>\n<p>TIPO: TRES ANTENAS 5DBI<\/p>\n<p>VELOCIDAD: 300 MBPS<\/p>\n<p>MODELO: TL-WR845N<\/p>\n<p>MARCA: TP-LINK<\/p>\n<p>C\u00d3DIGO: 000352<\/p>\n<p>&nbsp;<\/p>\n","protected":false},"excerpt":{"rendered":"<p>ROUTER CARACTER\u00cdSTICAS: APLICACI\u00d3N: ROUTER INAL\u00c1MBRICO TIPO: TRES ANTENAS 5DBI VELOCIDAD: 300 MBPS MODELO: TL-WR845N MARCA: TP-LINK C\u00d3DIGO: 000352 &nbsp;<\/p>\n","protected":false},"featured_media":4857,"comment_status":"open","ping_status":"closed","template":"","meta":[],"_links":{"self":[{"href":"https:\/\/casabravo.cl\/index.php?rest_route=\/wp\/v2\/product\/4856"}],"collection":[{"href":"https:\/\/casabravo.cl\/index.php?rest_route=\/wp\/v2\/product"}],"about":[{"href":"https:\/\/casabravo.cl\/index.php?rest_route=\/wp\/v2\/types\/product"}],"replies":[{"embeddable":true,"href":"https:\/\/casabravo.cl\/index.php?rest_route=%2Fwp%2Fv2%2Fcomments&post=4856"}],"wp:featuredmedia":[{"embeddable":true,"href":"https:\/\/casabravo.cl\/index.php?rest_route=\/wp\/v2\/media\/4857"}],"wp:attachment":[{"href":"https:\/\/casabravo.cl\/index.php?rest_route=%2Fwp%2Fv2%2Fmedia&parent=4856"}],"curies":[{"name":"wp","href":"https:\/\/api.w.org\/{rel}","templated":true}]}}