{"id":4815,"date":"2020-06-04T16:51:47","date_gmt":"2020-06-04T16:51:47","guid":{"rendered":"http:\/\/casabravo.cl\/?post_type=product&#038;p=4815"},"modified":"2025-07-30T19:55:29","modified_gmt":"2025-07-30T19:55:29","slug":"memoria-microsd-2x16gb","status":"publish","type":"product","link":"https:\/\/casabravo.cl\/?product=memoria-microsd-2x16gb","title":{"rendered":"MEMORIA MICROSD 256GB"},"content":{"rendered":"<p>MEMORIA FLASH<\/p>\n<p><strong>CARACTER\u00cdSTICAS:<\/strong><\/p>\n<p>APLICACI\u00d3N: MEMORIA MICRO SD<\/p>\n<p>TIPO: CLASE 10 SIN ADAPTADOR<\/p>\n<p>CAPACIDAD: 256 GB<\/p>\n<p>MARCA: KINGSTON<\/p>\n<p>C\u00d3DIGO: 001098<\/p>\n<p>IMAGEN DE REFERENCIA<\/p>\n","protected":false},"excerpt":{"rendered":"<p>MEMORIA FLASH CARACTER\u00cdSTICAS: APLICACI\u00d3N: MEMORIA MICRO SD TIPO: CLASE 10 SIN ADAPTADOR CAPACIDAD: 256 GB MARCA: KINGSTON C\u00d3DIGO: 001098 IMAGEN DE REFERENCIA<\/p>\n","protected":false},"featured_media":1601,"comment_status":"open","ping_status":"closed","template":"","meta":[],"_links":{"self":[{"href":"https:\/\/casabravo.cl\/index.php?rest_route=\/wp\/v2\/product\/4815"}],"collection":[{"href":"https:\/\/casabravo.cl\/index.php?rest_route=\/wp\/v2\/product"}],"about":[{"href":"https:\/\/casabravo.cl\/index.php?rest_route=\/wp\/v2\/types\/product"}],"replies":[{"embeddable":true,"href":"https:\/\/casabravo.cl\/index.php?rest_route=%2Fwp%2Fv2%2Fcomments&post=4815"}],"wp:featuredmedia":[{"embeddable":true,"href":"https:\/\/casabravo.cl\/index.php?rest_route=\/wp\/v2\/media\/1601"}],"wp:attachment":[{"href":"https:\/\/casabravo.cl\/index.php?rest_route=%2Fwp%2Fv2%2Fmedia&parent=4815"}],"curies":[{"name":"wp","href":"https:\/\/api.w.org\/{rel}","templated":true}]}}