{"id":4783,"date":"2020-05-05T16:01:31","date_gmt":"2020-05-05T16:01:31","guid":{"rendered":"http:\/\/casabravo.cl\/?post_type=product&#038;p=4783"},"modified":"2022-02-04T19:37:51","modified_gmt":"2022-02-04T19:37:51","slug":"disco-duro-solido-ssd-480gb","status":"publish","type":"product","link":"https:\/\/casabravo.cl\/?product=disco-duro-solido-ssd-480gb","title":{"rendered":"DISCO DURO S\u00d3LIDO SSD 480GB"},"content":{"rendered":"<p>DISCO S\u00d3LIDO<\/p>\n<p><strong>CARACTER\u00cdSTICAS:<\/strong><\/p>\n<p>APLICACI\u00d3N: DISCO S\u00d3LIDO SSD PARA NOTEBOOK<\/p>\n<p>TIPO: SATA 3 2.5&#8243; 7mm<\/p>\n<p>CAPACIDAD: 480 GB<\/p>\n<p>MARCA: KINGSTON<\/p>\n<p>C\u00d3DIGO:001304<\/p>\n<p>&nbsp;<\/p>\n","protected":false},"excerpt":{"rendered":"<p>DISCO S\u00d3LIDO CARACTER\u00cdSTICAS: APLICACI\u00d3N: DISCO S\u00d3LIDO SSD PARA NOTEBOOK TIPO: SATA 3 2.5&#8243; 7mm CAPACIDAD: 480 GB MARCA: KINGSTON C\u00d3DIGO:001304 &nbsp;<\/p>\n","protected":false},"featured_media":4810,"comment_status":"open","ping_status":"closed","template":"","meta":[],"_links":{"self":[{"href":"https:\/\/casabravo.cl\/index.php?rest_route=\/wp\/v2\/product\/4783"}],"collection":[{"href":"https:\/\/casabravo.cl\/index.php?rest_route=\/wp\/v2\/product"}],"about":[{"href":"https:\/\/casabravo.cl\/index.php?rest_route=\/wp\/v2\/types\/product"}],"replies":[{"embeddable":true,"href":"https:\/\/casabravo.cl\/index.php?rest_route=%2Fwp%2Fv2%2Fcomments&post=4783"}],"wp:featuredmedia":[{"embeddable":true,"href":"https:\/\/casabravo.cl\/index.php?rest_route=\/wp\/v2\/media\/4810"}],"wp:attachment":[{"href":"https:\/\/casabravo.cl\/index.php?rest_route=%2Fwp%2Fv2%2Fmedia&parent=4783"}],"curies":[{"name":"wp","href":"https:\/\/api.w.org\/{rel}","templated":true}]}}