{"id":4778,"date":"2020-04-17T16:12:34","date_gmt":"2020-04-17T16:12:34","guid":{"rendered":"http:\/\/casabravo.cl\/?post_type=product&#038;p=4778"},"modified":"2025-07-10T15:46:05","modified_gmt":"2025-07-10T15:46:05","slug":"disco-duro-solido-240gb","status":"publish","type":"product","link":"https:\/\/casabravo.cl\/?product=disco-duro-solido-240gb","title":{"rendered":"DISCO DURO 3.5&#8243; WD 2TB"},"content":{"rendered":"<p>DISCO<\/p>\n<p><strong>CARACTER\u00cdSTICAS:<\/strong><\/p>\n<p>APLICACI\u00d3N: DISCO DURO PARA COMPUTADOR<\/p>\n<p>TIPO: 3.5&#8243; BLUE<\/p>\n<p>CAPACIDAD: 2TB<\/p>\n<p>MARCA: WESTER DIGITAL<\/p>\n<p>C\u00d3DIGO: 001842<\/p>\n","protected":false},"excerpt":{"rendered":"<p>DISCO CARACTER\u00cdSTICAS: APLICACI\u00d3N: DISCO DURO PARA COMPUTADOR TIPO: 3.5&#8243; BLUE CAPACIDAD: 2TB MARCA: WESTER DIGITAL C\u00d3DIGO: 001842<\/p>\n","protected":false},"featured_media":0,"comment_status":"open","ping_status":"closed","template":"","meta":[],"_links":{"self":[{"href":"https:\/\/casabravo.cl\/index.php?rest_route=\/wp\/v2\/product\/4778"}],"collection":[{"href":"https:\/\/casabravo.cl\/index.php?rest_route=\/wp\/v2\/product"}],"about":[{"href":"https:\/\/casabravo.cl\/index.php?rest_route=\/wp\/v2\/types\/product"}],"replies":[{"embeddable":true,"href":"https:\/\/casabravo.cl\/index.php?rest_route=%2Fwp%2Fv2%2Fcomments&post=4778"}],"wp:attachment":[{"href":"https:\/\/casabravo.cl\/index.php?rest_route=%2Fwp%2Fv2%2Fmedia&parent=4778"}],"curies":[{"name":"wp","href":"https:\/\/api.w.org\/{rel}","templated":true}]}}