{"id":4776,"date":"2020-04-17T16:07:15","date_gmt":"2020-04-17T16:07:15","guid":{"rendered":"http:\/\/casabravo.cl\/?post_type=product&#038;p=4776"},"modified":"2025-07-29T21:27:07","modified_gmt":"2025-07-29T21:27:07","slug":"disco-duro-solido-500gb","status":"publish","type":"product","link":"https:\/\/casabravo.cl\/?product=disco-duro-solido-500gb","title":{"rendered":"DISCO DURO 3.5&#8243; WD 1TB"},"content":{"rendered":"<p>DISCO<\/p>\n<p>APLICACI\u00d3N: DISCO DURO PARA COMPUTADOR<\/p>\n<p>TIPO: 3.5&#8243; P\u00daRPURA<\/p>\n<p>CAPACIDAD: 1 TB<\/p>\n<p>COLOR: P\u00daRPURA<\/p>\n<p>MARCA: WESTER DIGITAL (WD)<\/p>\n<p>C\u00d3DIGO: 001761<\/p>\n","protected":false},"excerpt":{"rendered":"<p>DISCO APLICACI\u00d3N: DISCO DURO PARA COMPUTADOR TIPO: 3.5&#8243; P\u00daRPURA CAPACIDAD: 1 TB COLOR: P\u00daRPURA MARCA: WESTER DIGITAL (WD) C\u00d3DIGO: 001761<\/p>\n","protected":false},"featured_media":6468,"comment_status":"open","ping_status":"closed","template":"","meta":[],"_links":{"self":[{"href":"https:\/\/casabravo.cl\/index.php?rest_route=\/wp\/v2\/product\/4776"}],"collection":[{"href":"https:\/\/casabravo.cl\/index.php?rest_route=\/wp\/v2\/product"}],"about":[{"href":"https:\/\/casabravo.cl\/index.php?rest_route=\/wp\/v2\/types\/product"}],"replies":[{"embeddable":true,"href":"https:\/\/casabravo.cl\/index.php?rest_route=%2Fwp%2Fv2%2Fcomments&post=4776"}],"wp:featuredmedia":[{"embeddable":true,"href":"https:\/\/casabravo.cl\/index.php?rest_route=\/wp\/v2\/media\/6468"}],"wp:attachment":[{"href":"https:\/\/casabravo.cl\/index.php?rest_route=%2Fwp%2Fv2%2Fmedia&parent=4776"}],"curies":[{"name":"wp","href":"https:\/\/api.w.org\/{rel}","templated":true}]}}