{"id":4740,"date":"2020-03-13T19:26:57","date_gmt":"2020-03-13T19:26:57","guid":{"rendered":"http:\/\/casabravo.cl\/?post_type=product&#038;p=4740"},"modified":"2020-11-26T20:06:51","modified_gmt":"2020-11-26T20:06:51","slug":"cable-audio-plug-3-5mm-a-2rca-3-0-metros","status":"publish","type":"product","link":"https:\/\/casabravo.cl\/?product=cable-audio-plug-3-5mm-a-2rca-3-0-metros","title":{"rendered":"CABLE AUDIO PLUG 3.5MM A 2RCA 3.0 METROS"},"content":{"rendered":"<p>CABLE AUDIO<\/p>\n<p><strong>CARACTER\u00cdSTICAS:<\/strong><\/p>\n<p>APLICACI\u00d3N: AUDIO ALTA CALIDAD<\/p>\n<p>TIPO: PLUG 3.5 A 2RCA<\/p>\n<p>LARGO: 3.0 METROS<\/p>\n<p>COLOR: NEGRO<\/p>\n<p>MARCA: DINON<\/p>\n<p>C\u00d3DIGO: 001606<\/p>\n<p>&nbsp;<\/p>\n","protected":false},"excerpt":{"rendered":"<p>CABLE AUDIO CARACTER\u00cdSTICAS: APLICACI\u00d3N: AUDIO ALTA CALIDAD TIPO: PLUG 3.5 A 2RCA LARGO: 3.0 METROS COLOR: NEGRO MARCA: DINON C\u00d3DIGO: 001606 &nbsp;<\/p>\n","protected":false},"featured_media":4739,"comment_status":"open","ping_status":"closed","template":"","meta":[],"_links":{"self":[{"href":"https:\/\/casabravo.cl\/index.php?rest_route=\/wp\/v2\/product\/4740"}],"collection":[{"href":"https:\/\/casabravo.cl\/index.php?rest_route=\/wp\/v2\/product"}],"about":[{"href":"https:\/\/casabravo.cl\/index.php?rest_route=\/wp\/v2\/types\/product"}],"replies":[{"embeddable":true,"href":"https:\/\/casabravo.cl\/index.php?rest_route=%2Fwp%2Fv2%2Fcomments&post=4740"}],"wp:featuredmedia":[{"embeddable":true,"href":"https:\/\/casabravo.cl\/index.php?rest_route=\/wp\/v2\/media\/4739"}],"wp:attachment":[{"href":"https:\/\/casabravo.cl\/index.php?rest_route=%2Fwp%2Fv2%2Fmedia&parent=4740"}],"curies":[{"name":"wp","href":"https:\/\/api.w.org\/{rel}","templated":true}]}}